{"id":17825,"date":"2025-02-03T13:51:07","date_gmt":"2025-02-03T13:51:07","guid":{"rendered":"https:\/\/louisphilipp.ch\/?page_id=17825"},"modified":"2025-02-03T15:57:50","modified_gmt":"2025-02-03T15:57:50","slug":"luxury-dry-shampoo","status":"publish","type":"page","link":"https:\/\/louisphilipp.ch\/fr\/collection-care\/luxury-dry-shampoo","title":{"rendered":"Luxury Dry Shampoo"},"content":{"rendered":"\t\t<div data-elementor-type=\"wp-page\" data-elementor-id=\"17825\" class=\"elementor elementor-17825 elementor-17720\" data-elementor-post-type=\"page\">\n\t\t\t\t\t\t\t<div class=\"elementor-element elementor-element-d89a24a e-flex e-con-boxed e-con e-parent\" data-id=\"d89a24a\" data-element_type=\"container\" data-settings=\"{&quot;background_background&quot;:&quot;classic&quot;,&quot;content_width&quot;:&quot;boxed&quot;}\" data-core-v316-plus=\"true\">\n\t\t\t\t\t<div class=\"e-con-inner\">\n\t\t<div class=\"elementor-element elementor-element-a4a57a1 e-con-full e-flex e-con e-child\" data-id=\"a4a57a1\" data-element_type=\"container\" data-settings=\"{&quot;content_width&quot;:&quot;full&quot;}\">\n\t\t\t\t<div class=\"elementor-element elementor-element-5b52923 elementor-widget elementor-widget-image\" data-id=\"5b52923\" data-element_type=\"widget\" data-widget_type=\"image.default\">\n\t\t\t\t<div class=\"elementor-widget-container\">\n\t\t\t<style>\/*! elementor - v3.18.0 - 20-12-2023 *\/\n.elementor-widget-image{text-align:center}.elementor-widget-image a{display:inline-block}.elementor-widget-image a img[src$=\".svg\"]{width:48px}.elementor-widget-image img{vertical-align:middle;display:inline-block}<\/style>\t\t\t\t\t\t\t\t\t\t\t\t<img fetchpriority=\"high\" decoding=\"async\" width=\"1024\" height=\"1024\" src=\"https:\/\/louisphilipp.ch\/wp-content\/uploads\/2024\/05\/PNG_files_without_shadow_RGB-1-1024x1024.png\" class=\"attachment-large size-large wp-image-17357\" alt=\"\" srcset=\"https:\/\/louisphilipp.ch\/wp-content\/uploads\/2024\/05\/PNG_files_without_shadow_RGB-1-1024x1024.png 1024w, https:\/\/louisphilipp.ch\/wp-content\/uploads\/2024\/05\/PNG_files_without_shadow_RGB-1-300x300.png 300w, https:\/\/louisphilipp.ch\/wp-content\/uploads\/2024\/05\/PNG_files_without_shadow_RGB-1-150x150.png 150w, https:\/\/louisphilipp.ch\/wp-content\/uploads\/2024\/05\/PNG_files_without_shadow_RGB-1-768x768.png 768w, https:\/\/louisphilipp.ch\/wp-content\/uploads\/2024\/05\/PNG_files_without_shadow_RGB-1-1536x1536.png 1536w, https:\/\/louisphilipp.ch\/wp-content\/uploads\/2024\/05\/PNG_files_without_shadow_RGB-1-2048x2048.png 2048w, https:\/\/louisphilipp.ch\/wp-content\/uploads\/2024\/05\/PNG_files_without_shadow_RGB-1-650x650.png 650w, https:\/\/louisphilipp.ch\/wp-content\/uploads\/2024\/05\/PNG_files_without_shadow_RGB-1-1300x1300.png 1300w, https:\/\/louisphilipp.ch\/wp-content\/uploads\/2024\/05\/PNG_files_without_shadow_RGB-1-600x600.png 600w, https:\/\/louisphilipp.ch\/wp-content\/uploads\/2024\/05\/PNG_files_without_shadow_RGB-1-100x100.png 100w\" sizes=\"(max-width: 1024px) 100vw, 1024px\" \/>\t\t\t\t\t\t\t\t\t\t\t\t\t\t\t<\/div>\n\t\t\t\t<\/div>\n\t\t\t\t<\/div>\n\t\t<div class=\"elementor-element elementor-element-9f3e85c e-con-full e-flex e-con e-child\" data-id=\"9f3e85c\" data-element_type=\"container\" data-settings=\"{&quot;content_width&quot;:&quot;full&quot;}\">\n\t\t\t\t<div class=\"elementor-element elementor-element-c4e058c elementor-widget elementor-widget-heading\" data-id=\"c4e058c\" data-element_type=\"widget\" data-widget_type=\"heading.default\">\n\t\t\t\t<div class=\"elementor-widget-container\">\n\t\t\t<style>\/*! elementor - v3.18.0 - 20-12-2023 *\/\n.elementor-heading-title{padding:0;margin:0;line-height:1}.elementor-widget-heading .elementor-heading-title[class*=elementor-size-]>a{color:inherit;font-size:inherit;line-height:inherit}.elementor-widget-heading .elementor-heading-title.elementor-size-small{font-size:15px}.elementor-widget-heading .elementor-heading-title.elementor-size-medium{font-size:19px}.elementor-widget-heading .elementor-heading-title.elementor-size-large{font-size:29px}.elementor-widget-heading .elementor-heading-title.elementor-size-xl{font-size:39px}.elementor-widget-heading .elementor-heading-title.elementor-size-xxl{font-size:59px}<\/style><h6 class=\"elementor-heading-title elementor-size-small\">SHAMPOOING SEC<\/h6>\t\t<\/div>\n\t\t\t\t<\/div>\n\t\t\t\t<div class=\"elementor-element elementor-element-9b164cc elementor-widget elementor-widget-heading\" data-id=\"9b164cc\" data-element_type=\"widget\" data-widget_type=\"heading.default\">\n\t\t\t\t<div class=\"elementor-widget-container\">\n\t\t\t<h3 class=\"elementor-heading-title elementor-size-default\">Luxury Dry Shampoo<\/h3>\t\t<\/div>\n\t\t\t\t<\/div>\n\t\t\t\t<div class=\"elementor-element elementor-element-76bb7b3 elementor-widget elementor-widget-text-editor\" data-id=\"76bb7b3\" data-element_type=\"widget\" data-widget_type=\"text-editor.default\">\n\t\t\t\t<div class=\"elementor-widget-container\">\n\t\t\t<style>\/*! elementor - v3.18.0 - 20-12-2023 *\/\n.elementor-widget-text-editor.elementor-drop-cap-view-stacked .elementor-drop-cap{background-color:#69727d;color:#fff}.elementor-widget-text-editor.elementor-drop-cap-view-framed .elementor-drop-cap{color:#69727d;border:3px solid;background-color:transparent}.elementor-widget-text-editor:not(.elementor-drop-cap-view-default) .elementor-drop-cap{margin-top:8px}.elementor-widget-text-editor:not(.elementor-drop-cap-view-default) .elementor-drop-cap-letter{width:1em;height:1em}.elementor-widget-text-editor .elementor-drop-cap{float:left;text-align:center;line-height:1;font-size:50px}.elementor-widget-text-editor .elementor-drop-cap-letter{display:inline-block}<\/style>\t\t\t\t<p>Le luxury dry shampoo \u00e9limine rapidement l\u2019exc\u00e8s de s\u00e9bum responsable des racines grasses et ce, sans eau. Absorber par la poudre de riz qu\u2019il contient, il donne une sensation de fra\u00eecheur naturelle.<\/p><p>Le shampooing sec \u00e0 la formule puissante convient \u00e0 tous les cheveux qui ont besoin d\u2018un rafra\u00eechissement de temps en temps ou qui veulent combler un jour de shampooing. Alors laissez-vous vaporiser !<\/p>\t\t\t\t\t\t<\/div>\n\t\t\t\t<\/div>\n\t\t\t\t<div class=\"elementor-element elementor-element-69e31a7 elementor-widget elementor-widget-button\" data-id=\"69e31a7\" data-element_type=\"widget\" data-widget_type=\"button.default\">\n\t\t\t\t<div class=\"elementor-widget-container\">\n\t\t\t\t\t<div class=\"elementor-button-wrapper\">\n\t\t\t<a class=\"elementor-button elementor-button-link elementor-size-sm elementor-animation-grow\" href=\"https:\/\/louisphilipp.ch\/fr\/salonfinder\">\n\t\t\t\t\t\t<span class=\"elementor-button-content-wrapper\">\n\t\t\t\t\t\t<span class=\"elementor-button-text\">RECUEILLIR EN SALON<\/span>\n\t\t<\/span>\n\t\t\t\t\t<\/a>\n\t\t<\/div>\n\t\t\t\t<\/div>\n\t\t\t\t<\/div>\n\t\t\t\t<\/div>\n\t\t\t\t\t<\/div>\n\t\t\t\t<\/div>\n\t\t<div class=\"elementor-element elementor-element-d165ad7 e-con-full e-flex e-con e-parent\" data-id=\"d165ad7\" data-element_type=\"container\" data-settings=\"{&quot;content_width&quot;:&quot;full&quot;,&quot;background_background&quot;:&quot;classic&quot;}\" data-core-v316-plus=\"true\">\n\t\t\t\t<div class=\"elementor-element elementor-element-b8a2572 elementor-widget elementor-widget-heading\" data-id=\"b8a2572\" data-element_type=\"widget\" data-widget_type=\"heading.default\">\n\t\t\t\t<div class=\"elementor-widget-container\">\n\t\t\t<h6 class=\"elementor-heading-title elementor-size-small\">COLLECTION<\/h6>\t\t<\/div>\n\t\t\t\t<\/div>\n\t\t\t\t<div class=\"elementor-element elementor-element-d76ade7 elementor-widget elementor-widget-heading\" data-id=\"d76ade7\" data-element_type=\"widget\" data-widget_type=\"heading.default\">\n\t\t\t\t<div class=\"elementor-widget-container\">\n\t\t\t<h2 class=\"elementor-heading-title elementor-size-default\">Fabrication<\/h2>\t\t<\/div>\n\t\t\t\t<\/div>\n\t\t\t\t<div class=\"elementor-element elementor-element-ad688e4 elementor-widget elementor-widget-spacer\" data-id=\"ad688e4\" data-element_type=\"widget\" data-widget_type=\"spacer.default\">\n\t\t\t\t<div class=\"elementor-widget-container\">\n\t\t\t<style>\/*! elementor - v3.18.0 - 20-12-2023 *\/\n.elementor-column .elementor-spacer-inner{height:var(--spacer-size)}.e-con{--container-widget-width:100%}.e-con-inner>.elementor-widget-spacer,.e-con>.elementor-widget-spacer{width:var(--container-widget-width,var(--spacer-size));--align-self:var(--container-widget-align-self,initial);--flex-shrink:0}.e-con-inner>.elementor-widget-spacer>.elementor-widget-container,.e-con>.elementor-widget-spacer>.elementor-widget-container{height:100%;width:100%}.e-con-inner>.elementor-widget-spacer>.elementor-widget-container>.elementor-spacer,.e-con>.elementor-widget-spacer>.elementor-widget-container>.elementor-spacer{height:100%}.e-con-inner>.elementor-widget-spacer>.elementor-widget-container>.elementor-spacer>.elementor-spacer-inner,.e-con>.elementor-widget-spacer>.elementor-widget-container>.elementor-spacer>.elementor-spacer-inner{height:var(--container-widget-height,var(--spacer-size))}.e-con-inner>.elementor-widget-spacer.elementor-widget-empty,.e-con>.elementor-widget-spacer.elementor-widget-empty{position:relative;min-height:22px;min-width:22px}.e-con-inner>.elementor-widget-spacer.elementor-widget-empty .elementor-widget-empty-icon,.e-con>.elementor-widget-spacer.elementor-widget-empty .elementor-widget-empty-icon{position:absolute;top:0;bottom:0;left:0;right:0;margin:auto;padding:0;width:22px;height:22px}<\/style>\t\t<div class=\"elementor-spacer\">\n\t\t\t<div class=\"elementor-spacer-inner\"><\/div>\n\t\t<\/div>\n\t\t\t\t<\/div>\n\t\t\t\t<\/div>\n\t\t\t\t<\/div>\n\t\t<div class=\"elementor-element elementor-element-529e393 product_box e-flex e-con-boxed e-con e-parent\" data-id=\"529e393\" data-element_type=\"container\" data-settings=\"{&quot;background_background&quot;:&quot;classic&quot;,&quot;content_width&quot;:&quot;boxed&quot;}\" data-core-v316-plus=\"true\">\n\t\t\t\t\t<div class=\"e-con-inner\">\n\t\t<div class=\"elementor-element elementor-element-93d38ce e-con-full e-flex e-con e-child\" data-id=\"93d38ce\" data-element_type=\"container\" data-settings=\"{&quot;content_width&quot;:&quot;full&quot;,&quot;background_background&quot;:&quot;classic&quot;}\">\n\t\t\t\t<div class=\"elementor-element elementor-element-b8b609b elementor-widget elementor-widget-image\" data-id=\"b8b609b\" data-element_type=\"widget\" data-widget_type=\"image.default\">\n\t\t\t\t<div class=\"elementor-widget-container\">\n\t\t\t\t\t\t\t\t\t\t\t\t\t\t\t<img decoding=\"async\" width=\"360\" height=\"202\" src=\"https:\/\/louisphilipp.ch\/wp-content\/uploads\/2023\/12\/newsha_oliveleafs_02.jpg\" class=\"attachment-large size-large wp-image-9727\" alt=\"Oliven\" srcset=\"https:\/\/louisphilipp.ch\/wp-content\/uploads\/2023\/12\/newsha_oliveleafs_02.jpg 360w, https:\/\/louisphilipp.ch\/wp-content\/uploads\/2023\/12\/newsha_oliveleafs_02-300x168.jpg 300w\" sizes=\"(max-width: 360px) 100vw, 360px\" \/>\t\t\t\t\t\t\t\t\t\t\t\t\t\t\t<\/div>\n\t\t\t\t<\/div>\n\t\t\t\t<div class=\"elementor-element elementor-element-b7e783d elementor-widget elementor-widget-heading\" data-id=\"b7e783d\" data-element_type=\"widget\" data-widget_type=\"heading.default\">\n\t\t\t\t<div class=\"elementor-widget-container\">\n\t\t\t<h4 class=\"elementor-heading-title elementor-size-default\">Tr\u00e9sors de la<br>nature<\/h4>\t\t<\/div>\n\t\t\t\t<\/div>\n\t\t\t\t<div class=\"elementor-element elementor-element-1c68d05 elementor-widget elementor-widget-image\" data-id=\"1c68d05\" data-element_type=\"widget\" data-widget_type=\"image.default\">\n\t\t\t\t<div class=\"elementor-widget-container\">\n\t\t\t\t\t\t\t\t\t\t\t\t\t\t\t<img decoding=\"async\" width=\"50\" height=\"50\" src=\"https:\/\/louisphilipp.ch\/wp-content\/uploads\/2023\/12\/LouisPhilipp-3.png\" class=\"attachment-leonie_core_image_size_landscape size-leonie_core_image_size_landscape wp-image-10003\" alt=\"Tribal\" \/>\t\t\t\t\t\t\t\t\t\t\t\t\t\t\t<\/div>\n\t\t\t\t<\/div>\n\t\t\t\t<div class=\"elementor-element elementor-element-8b0b0bf elementor-widget elementor-widget-text-editor\" data-id=\"8b0b0bf\" data-element_type=\"widget\" data-widget_type=\"text-editor.default\">\n\t\t\t\t<div class=\"elementor-widget-container\">\n\t\t\t\t\t\t\t<div class=\"thumbnail-content-text\" style=\"text-align: center;\">Afin de renforcer de fa\u00e7on optimale notre impressionnant savoir-faire dans la cr\u00e9ation de nos produits, nous tirons profit de l\u2019intelligence et de la puissance de la nature. L\u2019utilisation intelligente de pr\u00e9cieux tr\u00e9sors de la nature est ce qui rend l\u2019int\u00e9gralit\u00e9 de la collection irrempla\u00e7able.<\/div>\t\t\t\t\t\t<\/div>\n\t\t\t\t<\/div>\n\t\t\t\t<div class=\"elementor-element elementor-element-6bbc1ff elementor-align-center elementor-widget elementor-widget-button\" data-id=\"6bbc1ff\" data-element_type=\"widget\" data-widget_type=\"button.default\">\n\t\t\t\t<div class=\"elementor-widget-container\">\n\t\t\t\t\t<div class=\"elementor-button-wrapper\">\n\t\t\t<a class=\"elementor-button elementor-button-link elementor-size-sm elementor-animation-grow\" href=\"https:\/\/louisphilipp.ch\/fr\/fabrication#entry\">\n\t\t\t\t\t\t<span class=\"elementor-button-content-wrapper\">\n\t\t\t\t\t\t<span class=\"elementor-button-text\">D\u00c9TAILS<\/span>\n\t\t<\/span>\n\t\t\t\t\t<\/a>\n\t\t<\/div>\n\t\t\t\t<\/div>\n\t\t\t\t<\/div>\n\t\t\t\t<\/div>\n\t\t<div class=\"elementor-element elementor-element-984cf77 e-con-full e-flex e-con e-child\" data-id=\"984cf77\" data-element_type=\"container\" data-settings=\"{&quot;content_width&quot;:&quot;full&quot;,&quot;background_background&quot;:&quot;classic&quot;}\">\n\t\t\t\t<div class=\"elementor-element elementor-element-7cc2292 elementor-widget elementor-widget-image\" data-id=\"7cc2292\" data-element_type=\"widget\" data-widget_type=\"image.default\">\n\t\t\t\t<div class=\"elementor-widget-container\">\n\t\t\t\t\t\t\t\t\t\t\t\t\t\t\t<img loading=\"lazy\" decoding=\"async\" width=\"360\" height=\"202\" src=\"https:\/\/louisphilipp.ch\/wp-content\/uploads\/2023\/12\/newsha_acai.jpg\" class=\"attachment-large size-large wp-image-9729\" alt=\"Acai-Beeren\" srcset=\"https:\/\/louisphilipp.ch\/wp-content\/uploads\/2023\/12\/newsha_acai.jpg 360w, https:\/\/louisphilipp.ch\/wp-content\/uploads\/2023\/12\/newsha_acai-300x168.jpg 300w\" sizes=\"(max-width: 360px) 100vw, 360px\" \/>\t\t\t\t\t\t\t\t\t\t\t\t\t\t\t<\/div>\n\t\t\t\t<\/div>\n\t\t\t\t<div class=\"elementor-element elementor-element-82f775c elementor-widget elementor-widget-heading\" data-id=\"82f775c\" data-element_type=\"widget\" data-widget_type=\"heading.default\">\n\t\t\t\t<div class=\"elementor-widget-container\">\n\t\t\t<h4 class=\"elementor-heading-title elementor-size-default\">Technique de<br>fabrication<\/h4>\t\t<\/div>\n\t\t\t\t<\/div>\n\t\t\t\t<div class=\"elementor-element elementor-element-6a8bfd0 elementor-widget elementor-widget-image\" data-id=\"6a8bfd0\" data-element_type=\"widget\" data-widget_type=\"image.default\">\n\t\t\t\t<div class=\"elementor-widget-container\">\n\t\t\t\t\t\t\t\t\t\t\t\t\t\t\t<img loading=\"lazy\" decoding=\"async\" width=\"50\" height=\"50\" src=\"https:\/\/louisphilipp.ch\/wp-content\/uploads\/2023\/12\/LouisPhilipp-3.png\" class=\"attachment-thumbnail size-thumbnail wp-image-10003\" alt=\"Tribal\" \/>\t\t\t\t\t\t\t\t\t\t\t\t\t\t\t<\/div>\n\t\t\t\t<\/div>\n\t\t\t\t<div class=\"elementor-element elementor-element-ae4e3f2 elementor-widget elementor-widget-text-editor\" data-id=\"ae4e3f2\" data-element_type=\"widget\" data-widget_type=\"text-editor.default\">\n\t\t\t\t<div class=\"elementor-widget-container\">\n\t\t\t\t\t\t\t<div class=\"thumbnail-content-text\" style=\"text-align: center;\"><span style=\"letter-spacing: 0.32px; background-color: #ffffff;\">Louis Philipp s\u2019\u00e9tait fix\u00e9 comme objectif ultime de cr\u00e9er une collection sophistiqu\u00e9e pour les clients, non seulement en termes de formules et compositions, mais \u00e9galement en ce qui concerne le niveau de technicit\u00e9 et le proc\u00e9d\u00e9 d\u2019extraction, exceptionnels l\u2019un comme l\u2019autre.<\/span><\/div>\t\t\t\t\t\t<\/div>\n\t\t\t\t<\/div>\n\t\t\t\t<div class=\"elementor-element elementor-element-ea8603f elementor-align-center elementor-widget elementor-widget-button\" data-id=\"ea8603f\" data-element_type=\"widget\" data-widget_type=\"button.default\">\n\t\t\t\t<div class=\"elementor-widget-container\">\n\t\t\t\t\t<div class=\"elementor-button-wrapper\">\n\t\t\t<a class=\"elementor-button elementor-button-link elementor-size-sm elementor-animation-grow\" href=\"https:\/\/louisphilipp.ch\/fr\/fabrication#traitement\">\n\t\t\t\t\t\t<span class=\"elementor-button-content-wrapper\">\n\t\t\t\t\t\t<span class=\"elementor-button-text\">D\u00c9TAILS<\/span>\n\t\t<\/span>\n\t\t\t\t\t<\/a>\n\t\t<\/div>\n\t\t\t\t<\/div>\n\t\t\t\t<\/div>\n\t\t\t\t<\/div>\n\t\t<div class=\"elementor-element elementor-element-b21e117 e-con-full e-flex e-con e-child\" data-id=\"b21e117\" data-element_type=\"container\" data-settings=\"{&quot;content_width&quot;:&quot;full&quot;,&quot;background_background&quot;:&quot;classic&quot;}\">\n\t\t\t\t<div class=\"elementor-element elementor-element-4424d98 elementor-widget elementor-widget-image\" data-id=\"4424d98\" data-element_type=\"widget\" data-widget_type=\"image.default\">\n\t\t\t\t<div class=\"elementor-widget-container\">\n\t\t\t\t\t\t\t\t\t\t\t\t\t\t\t<img loading=\"lazy\" decoding=\"async\" width=\"360\" height=\"202\" src=\"https:\/\/louisphilipp.ch\/wp-content\/uploads\/2023\/12\/newsha_shea-nut_01.jpg\" class=\"attachment-large size-large wp-image-9941\" alt=\"Sheabutter\" srcset=\"https:\/\/louisphilipp.ch\/wp-content\/uploads\/2023\/12\/newsha_shea-nut_01.jpg 360w, https:\/\/louisphilipp.ch\/wp-content\/uploads\/2023\/12\/newsha_shea-nut_01-300x168.jpg 300w\" sizes=\"(max-width: 360px) 100vw, 360px\" \/>\t\t\t\t\t\t\t\t\t\t\t\t\t\t\t<\/div>\n\t\t\t\t<\/div>\n\t\t\t\t<div class=\"elementor-element elementor-element-7760f4c elementor-widget elementor-widget-heading\" data-id=\"7760f4c\" data-element_type=\"widget\" data-widget_type=\"heading.default\">\n\t\t\t\t<div class=\"elementor-widget-container\">\n\t\t\t<h4 class=\"elementor-heading-title elementor-size-default\">Une extraction tout en<br>douceur<\/h4>\t\t<\/div>\n\t\t\t\t<\/div>\n\t\t\t\t<div class=\"elementor-element elementor-element-aa5a775 elementor-widget elementor-widget-image\" data-id=\"aa5a775\" data-element_type=\"widget\" data-widget_type=\"image.default\">\n\t\t\t\t<div class=\"elementor-widget-container\">\n\t\t\t\t\t\t\t\t\t\t\t\t\t\t\t<img loading=\"lazy\" decoding=\"async\" width=\"50\" height=\"50\" src=\"https:\/\/louisphilipp.ch\/wp-content\/uploads\/2023\/12\/LouisPhilipp-3.png\" class=\"attachment-thumbnail size-thumbnail wp-image-10003\" alt=\"Tribal\" \/>\t\t\t\t\t\t\t\t\t\t\t\t\t\t\t<\/div>\n\t\t\t\t<\/div>\n\t\t\t\t<div class=\"elementor-element elementor-element-c4ff26d elementor-widget elementor-widget-text-editor\" data-id=\"c4ff26d\" data-element_type=\"widget\" data-widget_type=\"text-editor.default\">\n\t\t\t\t<div class=\"elementor-widget-container\">\n\t\t\t\t\t\t\t<div class=\"thumbnail-content-text\" style=\"text-align: center;\">Seuls des proc\u00e9d\u00e9s de transformation de haut vol et tout en douceur permettent d\u2019utiliser la puissance des plantes, des herbes et des graines s\u00e9lectionn\u00e9es de fa\u00e7on pertinente et effcace.<\/div>\t\t\t\t\t\t<\/div>\n\t\t\t\t<\/div>\n\t\t\t\t<div class=\"elementor-element elementor-element-773933d elementor-align-center elementor-widget elementor-widget-button\" data-id=\"773933d\" data-element_type=\"widget\" data-widget_type=\"button.default\">\n\t\t\t\t<div class=\"elementor-widget-container\">\n\t\t\t\t\t<div class=\"elementor-button-wrapper\">\n\t\t\t<a class=\"elementor-button elementor-button-link elementor-size-sm elementor-animation-grow\" href=\"https:\/\/louisphilipp.ch\/fr\/fabrication#extraction\">\n\t\t\t\t\t\t<span class=\"elementor-button-content-wrapper\">\n\t\t\t\t\t\t<span class=\"elementor-button-text\">D\u00c9TAILS<\/span>\n\t\t<\/span>\n\t\t\t\t\t<\/a>\n\t\t<\/div>\n\t\t\t\t<\/div>\n\t\t\t\t<\/div>\n\t\t\t\t<\/div>\n\t\t\t\t\t<\/div>\n\t\t\t\t<\/div>\n\t\t<div class=\"elementor-element elementor-element-b3fcbfe e-flex e-con-boxed e-con e-parent\" data-id=\"b3fcbfe\" data-element_type=\"container\" data-settings=\"{&quot;background_background&quot;:&quot;classic&quot;,&quot;content_width&quot;:&quot;boxed&quot;}\" data-core-v316-plus=\"true\">\n\t\t\t\t\t<div class=\"e-con-inner\">\n\t\t\t\t<div class=\"elementor-element elementor-element-0db17c7 elementor-align-center elementor-widget elementor-widget-button\" data-id=\"0db17c7\" data-element_type=\"widget\" data-widget_type=\"button.default\">\n\t\t\t\t<div class=\"elementor-widget-container\">\n\t\t\t\t\t<div class=\"elementor-button-wrapper\">\n\t\t\t<a class=\"elementor-button elementor-button-link elementor-size-sm elementor-animation-grow\" href=\"https:\/\/louisphilipp.ch\/fr\/fabrication\">\n\t\t\t\t\t\t<span class=\"elementor-button-content-wrapper\">\n\t\t\t\t\t\t<span class=\"elementor-button-text\">PLUS SUR LA FABRICATION<\/span>\n\t\t<\/span>\n\t\t\t\t\t<\/a>\n\t\t<\/div>\n\t\t\t\t<\/div>\n\t\t\t\t<\/div>\n\t\t\t\t\t<\/div>\n\t\t\t\t<\/div>\n\t\t\t\t\t\t\t<\/div>\n\t\t","protected":false},"excerpt":{"rendered":"<p>SHAMPOOING SEC Luxury Dry Shampoo Le luxury dry shampoo \u00e9limine rapidement l\u2019exc\u00e8s de s\u00e9bum responsable des racines grasses et ce, sans eau. Absorber par la poudre de riz qu\u2019il contient, il donne une sensation de fra\u00eecheur naturelle. Le shampooing sec \u00e0 la formule puissante convient \u00e0 tous les cheveux qui ont besoin d\u2018un rafra\u00eechissement de [&hellip;]<\/p>\n","protected":false},"author":4,"featured_media":0,"parent":14894,"menu_order":0,"comment_status":"closed","ping_status":"closed","template":"page-full-width.php","meta":{"_monsterinsights_skip_tracking":false,"_monsterinsights_sitenote_active":false,"_monsterinsights_sitenote_note":"","_monsterinsights_sitenote_category":0,"footnotes":""},"class_list":["post-17825","page","type-page","status-publish","hentry"],"aioseo_notices":[],"_links":{"self":[{"href":"https:\/\/louisphilipp.ch\/fr\/wp-json\/wp\/v2\/pages\/17825","targetHints":{"allow":["GET"]}}],"collection":[{"href":"https:\/\/louisphilipp.ch\/fr\/wp-json\/wp\/v2\/pages"}],"about":[{"href":"https:\/\/louisphilipp.ch\/fr\/wp-json\/wp\/v2\/types\/page"}],"author":[{"embeddable":true,"href":"https:\/\/louisphilipp.ch\/fr\/wp-json\/wp\/v2\/users\/4"}],"replies":[{"embeddable":true,"href":"https:\/\/louisphilipp.ch\/fr\/wp-json\/wp\/v2\/comments?post=17825"}],"version-history":[{"count":12,"href":"https:\/\/louisphilipp.ch\/fr\/wp-json\/wp\/v2\/pages\/17825\/revisions"}],"predecessor-version":[{"id":17887,"href":"https:\/\/louisphilipp.ch\/fr\/wp-json\/wp\/v2\/pages\/17825\/revisions\/17887"}],"up":[{"embeddable":true,"href":"https:\/\/louisphilipp.ch\/fr\/wp-json\/wp\/v2\/pages\/14894"}],"wp:attachment":[{"href":"https:\/\/louisphilipp.ch\/fr\/wp-json\/wp\/v2\/media?parent=17825"}],"curies":[{"name":"wp","href":"https:\/\/api.w.org\/{rel}","templated":true}]}}