{"id":14954,"date":"2023-12-05T10:23:37","date_gmt":"2023-12-05T10:23:37","guid":{"rendered":"https:\/\/louisphilipp.ch\/agb\/"},"modified":"2024-03-01T08:49:29","modified_gmt":"2024-03-01T08:49:29","slug":"cgdv","status":"publish","type":"page","link":"https:\/\/louisphilipp.ch\/fr\/cgdv","title":{"rendered":"CGDV"},"content":{"rendered":"\t\t<div data-elementor-type=\"wp-page\" data-elementor-id=\"14954\" class=\"elementor elementor-14954 elementor-9568\" data-elementor-post-type=\"page\">\n\t\t\t\t\t\t\t<div class=\"elementor-element elementor-element-cd65bb8 e-flex e-con-boxed e-con e-parent\" data-id=\"cd65bb8\" data-element_type=\"container\" data-settings=\"{&quot;content_width&quot;:&quot;boxed&quot;}\" data-core-v316-plus=\"true\">\n\t\t\t\t\t<div class=\"e-con-inner\">\n\t\t\t\t<div class=\"elementor-element elementor-element-60a1562 elementor-widget elementor-widget-heading\" data-id=\"60a1562\" data-element_type=\"widget\" data-widget_type=\"heading.default\">\n\t\t\t\t<div class=\"elementor-widget-container\">\n\t\t\t<style>\/*! elementor - v3.18.0 - 20-12-2023 *\/\n.elementor-heading-title{padding:0;margin:0;line-height:1}.elementor-widget-heading .elementor-heading-title[class*=elementor-size-]>a{color:inherit;font-size:inherit;line-height:inherit}.elementor-widget-heading .elementor-heading-title.elementor-size-small{font-size:15px}.elementor-widget-heading .elementor-heading-title.elementor-size-medium{font-size:19px}.elementor-widget-heading .elementor-heading-title.elementor-size-large{font-size:29px}.elementor-widget-heading .elementor-heading-title.elementor-size-xl{font-size:39px}.elementor-widget-heading .elementor-heading-title.elementor-size-xxl{font-size:59px}<\/style><h1 class=\"elementor-heading-title elementor-size-default\">Conditions G\u00e9n\u00e9rales de Vente<\/h1>\t\t<\/div>\n\t\t\t\t<\/div>\n\t\t\t\t<div class=\"elementor-element elementor-element-7cccde2 elementor-widget elementor-widget-spacer\" data-id=\"7cccde2\" data-element_type=\"widget\" data-widget_type=\"spacer.default\">\n\t\t\t\t<div class=\"elementor-widget-container\">\n\t\t\t<style>\/*! elementor - v3.18.0 - 20-12-2023 *\/\n.elementor-column .elementor-spacer-inner{height:var(--spacer-size)}.e-con{--container-widget-width:100%}.e-con-inner>.elementor-widget-spacer,.e-con>.elementor-widget-spacer{width:var(--container-widget-width,var(--spacer-size));--align-self:var(--container-widget-align-self,initial);--flex-shrink:0}.e-con-inner>.elementor-widget-spacer>.elementor-widget-container,.e-con>.elementor-widget-spacer>.elementor-widget-container{height:100%;width:100%}.e-con-inner>.elementor-widget-spacer>.elementor-widget-container>.elementor-spacer,.e-con>.elementor-widget-spacer>.elementor-widget-container>.elementor-spacer{height:100%}.e-con-inner>.elementor-widget-spacer>.elementor-widget-container>.elementor-spacer>.elementor-spacer-inner,.e-con>.elementor-widget-spacer>.elementor-widget-container>.elementor-spacer>.elementor-spacer-inner{height:var(--container-widget-height,var(--spacer-size))}.e-con-inner>.elementor-widget-spacer.elementor-widget-empty,.e-con>.elementor-widget-spacer.elementor-widget-empty{position:relative;min-height:22px;min-width:22px}.e-con-inner>.elementor-widget-spacer.elementor-widget-empty .elementor-widget-empty-icon,.e-con>.elementor-widget-spacer.elementor-widget-empty .elementor-widget-empty-icon{position:absolute;top:0;bottom:0;left:0;right:0;margin:auto;padding:0;width:22px;height:22px}<\/style>\t\t<div class=\"elementor-spacer\">\n\t\t\t<div class=\"elementor-spacer-inner\"><\/div>\n\t\t<\/div>\n\t\t\t\t<\/div>\n\t\t\t\t<\/div>\n\t\t\t\t<div class=\"elementor-element elementor-element-5b37173 elementor-widget elementor-widget-heading\" data-id=\"5b37173\" data-element_type=\"widget\" data-widget_type=\"heading.default\">\n\t\t\t\t<div class=\"elementor-widget-container\">\n\t\t\t<h2 class=\"elementor-heading-title elementor-size-default\">D\u00e9claration de protection des donn\u00e9es personnelles<\/h2>\t\t<\/div>\n\t\t\t\t<\/div>\n\t\t\t\t<div class=\"elementor-element elementor-element-e7c52d6 elementor-widget elementor-widget-heading\" data-id=\"e7c52d6\" data-element_type=\"widget\" data-widget_type=\"heading.default\">\n\t\t\t\t<div class=\"elementor-widget-container\">\n\t\t\t<h3 class=\"elementor-heading-title elementor-size-default\">G\u00e9n\u00e9ralit\u00e9s<\/h3>\t\t<\/div>\n\t\t\t\t<\/div>\n\t\t\t\t<div class=\"elementor-element elementor-element-81873f5 elementor-widget elementor-widget-text-editor\" data-id=\"81873f5\" data-element_type=\"widget\" data-widget_type=\"text-editor.default\">\n\t\t\t\t<div class=\"elementor-widget-container\">\n\t\t\t<style>\/*! elementor - v3.18.0 - 20-12-2023 *\/\n.elementor-widget-text-editor.elementor-drop-cap-view-stacked .elementor-drop-cap{background-color:#69727d;color:#fff}.elementor-widget-text-editor.elementor-drop-cap-view-framed .elementor-drop-cap{color:#69727d;border:3px solid;background-color:transparent}.elementor-widget-text-editor:not(.elementor-drop-cap-view-default) .elementor-drop-cap{margin-top:8px}.elementor-widget-text-editor:not(.elementor-drop-cap-view-default) .elementor-drop-cap-letter{width:1em;height:1em}.elementor-widget-text-editor .elementor-drop-cap{float:left;text-align:center;line-height:1;font-size:50px}.elementor-widget-text-editor .elementor-drop-cap-letter{display:inline-block}<\/style>\t\t\t\t<p>Nous exploitons ce site Internet notamment \u00e0 des fins d\u2019information au sujet des produits de soins pour les cheveux et des salons de coiffure, ainsi que pour permettre \u00e0 nos clients de prendre rendez-vous en ligne et de s\u2019abonner \u00e0 notre lettre d\u2019informations. La protection de vos donn\u00e9es personnelles lors de l&#8217;utilisation de ce site Internet compte pour nous. Toutes les donn\u00e9es que vous transmettez lors de l\u2019utilisation de ce site Internet sont trait\u00e9es de mani\u00e8re confidentielle et dans le respect de la l\u00e9gislation suisse relative \u00e0 la protection des donn\u00e9es personnelles. Par l\u2019utilisation de ce site Internet, vous confirmez que les donn\u00e9es indiqu\u00e9es ci-dessous puissent \u00eatre collect\u00e9es et exploit\u00e9es par nos soins.<\/p>\t\t\t\t\t\t<\/div>\n\t\t\t\t<\/div>\n\t\t\t\t<div class=\"elementor-element elementor-element-f6ad4aa elementor-widget elementor-widget-heading\" data-id=\"f6ad4aa\" data-element_type=\"widget\" data-widget_type=\"heading.default\">\n\t\t\t\t<div class=\"elementor-widget-container\">\n\t\t\t<h3 class=\"elementor-heading-title elementor-size-default\">Utilisation des donn\u00e9es<\/h3>\t\t<\/div>\n\t\t\t\t<\/div>\n\t\t\t\t<div class=\"elementor-element elementor-element-257bb30 elementor-widget elementor-widget-text-editor\" data-id=\"257bb30\" data-element_type=\"widget\" data-widget_type=\"text-editor.default\">\n\t\t\t\t<div class=\"elementor-widget-container\">\n\t\t\t\t\t\t\t<p>Lors de l\u2019acc\u00e8s \u00e0 notre site Internet, les donn\u00e9es suivantes sont enregistr\u00e9es dans des fichiers de journal: L\u2019adresse IP, la date, l\u2019heure, la demande de navigateur et des informations g\u00e9n\u00e9rales transmises au sujet du syst\u00e8me d\u2019exploitation et\/ou du moteur de recherche. Ces donn\u00e9es d&#8217;utilisation constituent la base pour des analyses statistiques anonymes, de sorte \u00e0 pouvoir d\u00e9celer des tendances qui nous permettent d\u2019am\u00e9liorer nos offres de mani\u00e8re appropri\u00e9e.<\/p><p>Des donn\u00e9es personnelles ne sont collect\u00e9es que si vous nous les communiquez volontairement, par ex. pour proc\u00e9der \u00e0 une r\u00e9servation en ligne, lors de l\u2019ouverture d&#8217;un compte d\u2019utilisateur ou dans le cadre de toute autre prise de contact.<\/p><p>De plus, des donn\u00e9es personnelles sont collect\u00e9es lorsque vous vous inscrivez \u00e0 notre lettre d\u2019informations. Ces donn\u00e9es sont utilis\u00e9es par nos soins \u00e0 des fins publicitaires sous forme de notre lettre d\u2019informations envoy\u00e9e par e-mail. Vous pouvez annuler votre abonnement \u00e0 la lettre d\u2019informations \u00e0 tout moment en cliquant sur le lien pr\u00e9vu \u00e0 cet effet dans la lettre d\u2019information ou en nous envoyant un message correspondant. Apr\u00e8s l\u2019annulation de votre abonnement, votre adresse e-mail est supprim\u00e9e imm\u00e9diatement.<\/p><p>Vos donn\u00e9es personnelles ne sont ni vendues, ni mises \u00e0 disposition de tiers. Les exceptions ne concernent que les prestataires de services externes, qui traitent \u00e0 notre demande votre demande ou prise de rendez-vous, et traitent \u00e0 cet effet les donn\u00e9es indispensables \u00e0 cet effet, ainsi que les soci\u00e9t\u00e9s de groupe (soci\u00e9t\u00e9 m\u00e8re, filiales, soci\u00e9t\u00e9s associ\u00e9es) de la soci\u00e9t\u00e9 Korifan SA. Nous garantissons que toutes les entit\u00e9s destinataires de donn\u00e9es respectent les exigences de la protection et de la s\u00e9curit\u00e9 des donn\u00e9es.<\/p>\t\t\t\t\t\t<\/div>\n\t\t\t\t<\/div>\n\t\t\t\t<div class=\"elementor-element elementor-element-202017d elementor-widget elementor-widget-heading\" data-id=\"202017d\" data-element_type=\"widget\" data-widget_type=\"heading.default\">\n\t\t\t\t<div class=\"elementor-widget-container\">\n\t\t\t<h3 class=\"elementor-heading-title elementor-size-default\">S\u00e9curit\u00e9<\/h3>\t\t<\/div>\n\t\t\t\t<\/div>\n\t\t\t\t<div class=\"elementor-element elementor-element-19e751b elementor-widget elementor-widget-text-editor\" data-id=\"19e751b\" data-element_type=\"widget\" data-widget_type=\"text-editor.default\">\n\t\t\t\t<div class=\"elementor-widget-container\">\n\t\t\t\t\t\t\t<p>En collaboration \u00e9troite avec nos prestataires d&#8217;h\u00e9bergement, nous nous effor\u00e7ons de prot\u00e9ger autant que possible toutes les donn\u00e9es que vous avez communiqu\u00e9es contre l\u2019acc\u00e8s par des tiers, les pertes, les usages abusifs, les falsifications, etc.\u00a0N\u00e9anmoins, nous ne sommes pas en mesure de garantir la s\u00e9curit\u00e9 absolue des donn\u00e9es. Nous d\u00e9clinons toute responsabilit\u00e9 pour les violations des dispositions de s\u00e9curit\u00e9, dans la mesure o\u00f9 elles n\u2019ont pas \u00e9t\u00e9 commises intentionnellement ou par n\u00e9gligence grossi\u00e8re.<\/p>\t\t\t\t\t\t<\/div>\n\t\t\t\t<\/div>\n\t\t\t\t<div class=\"elementor-element elementor-element-0158fb8 elementor-widget elementor-widget-heading\" data-id=\"0158fb8\" data-element_type=\"widget\" data-widget_type=\"heading.default\">\n\t\t\t\t<div class=\"elementor-widget-container\">\n\t\t\t<h3 class=\"elementor-heading-title elementor-size-default\">Cookies<\/h3>\t\t<\/div>\n\t\t\t\t<\/div>\n\t\t\t\t<div class=\"elementor-element elementor-element-a89e1af elementor-widget elementor-widget-text-editor\" data-id=\"a89e1af\" data-element_type=\"widget\" data-widget_type=\"text-editor.default\">\n\t\t\t\t<div class=\"elementor-widget-container\">\n\t\t\t\t\t\t\t<p>Les cookies obligatoires sont des donn\u00e9es qui peuvent \u00eatre envoy\u00e9es au navigateur sur le disque dur de votre ordinateur, afin que nous puissions vous proposer certaines fonctions. Ils ne requi\u00e8rent aucune autorisation de la part de l\u2019utilisateur du site Internet.<\/p><p>Les cookies non obligatoires nous permettent de collecter des informations au sujet des visiteurs du site Internet. De plus, nous utilisons les cookies non obligatoires pour am\u00e9liorer la convivialit\u00e9 du site Internet. Les cookies non obligatoires requi\u00e8rent l\u2019autorisation de l\u2019utilisateur du site Internet. La plupart des navigateurs acceptent automatiquement les cookies, mais vous n\u2019\u00eates pas tenu de les utiliser. G\u00e9n\u00e9ralement, vous pouvez r\u00e9gler votre navigateur de sorte que les cookies sont refus\u00e9s, tandis que vous pourrez toujours utiliser la majorit\u00e9 des fonctions du site Internet.<\/p><p><span style=\"color: #dac585;\">https:\/\/support.microsoft.com\/de-ch\/help\/17442\/windows-internet-explorer-delete-manage-cookies<\/span><\/p><p><span style=\"color: #dac585;\">https:\/\/support.mozilla.org\/de\/kb\/cookies-erlauben-und-ablehnen<\/span><\/p><p><span style=\"color: #dac585;\">https:\/\/support.google.com\/accounts\/answer\/61416<\/span><\/p><p><span style=\"color: #7a6e67;\"> Ce site utilise les cookies suivants:<\/span><\/p>\t\t\t\t\t\t<\/div>\n\t\t\t\t<\/div>\n\t\t\t\t<div class=\"elementor-element elementor-element-2d1352c elementor-widget elementor-widget-heading\" data-id=\"2d1352c\" data-element_type=\"widget\" data-widget_type=\"heading.default\">\n\t\t\t\t<div class=\"elementor-widget-container\">\n\t\t\t<h3 class=\"elementor-heading-title elementor-size-default\">Google Tag Manager<\/h3>\t\t<\/div>\n\t\t\t\t<\/div>\n\t\t\t\t<div class=\"elementor-element elementor-element-8975db2 elementor-widget elementor-widget-text-editor\" data-id=\"8975db2\" data-element_type=\"widget\" data-widget_type=\"text-editor.default\">\n\t\t\t\t<div class=\"elementor-widget-container\">\n\t\t\t\t\t\t\t<p>Google Tag Manager est une solution qui nous permet de g\u00e9rer les tags de sites Internet \u00e0 l\u2019aide d\u2019une interface. L\u2019outil Tag Manager lui-m\u00eame (qui impl\u00e9mente les tags) est un domaine exempt de cookies et ne contient pas de donn\u00e9es personnelles. L\u2019outil d\u00e9clenche d\u2019autres tags, qui peuvent \u00e9ventuellement enregistrer des donn\u00e9es. Google Tag Manager n\u2019acc\u00e8de pas \u00e0 ces donn\u00e9es.<\/p>\t\t\t\t\t\t<\/div>\n\t\t\t\t<\/div>\n\t\t\t\t<div class=\"elementor-element elementor-element-8fcaa4e elementor-widget elementor-widget-heading\" data-id=\"8fcaa4e\" data-element_type=\"widget\" data-widget_type=\"heading.default\">\n\t\t\t\t<div class=\"elementor-widget-container\">\n\t\t\t<h3 class=\"elementor-heading-title elementor-size-default\">Google AdSense<\/h3>\t\t<\/div>\n\t\t\t\t<\/div>\n\t\t\t\t<div class=\"elementor-element elementor-element-f856049 elementor-widget elementor-widget-text-editor\" data-id=\"f856049\" data-element_type=\"widget\" data-widget_type=\"text-editor.default\">\n\t\t\t\t<div class=\"elementor-widget-container\">\n\t\t\t\t\t\t\t<p>Le pr\u00e9sent site Internet utilise Google AdSense, un service pour int\u00e9grer des annonces publicitaires de Google Inc. (\u00abGoogle\u00bb), Google LLC (USA) et de Google Ireland Limited (Irlande). Google AdSense utilise des cookies pour permettre l\u2019analyse de l\u2019utilisation du site Internet. Google AdSense utilise aussi des balises dites \u00abWeb Beacon\u00bb (graphiques invisibles). Ces Web Beacons permettent d\u2019analyser les informations telles que la fr\u00e9quentation de visiteurs de ce site Internet.<\/p><p>Les informations g\u00e9n\u00e9r\u00e9es par les cookies et balises Web Beacons au sujet de l\u2019utilisation de ce site Internet (y compris votre adresse IP), ainsi que la livraison de formats publicitaires, sont transmises \u00e0 un serveur Google aux USA, o\u00f9 elles sont m\u00e9moris\u00e9es. Ces informations peuvent \u00eatre transmises par Google \u00e0 des partenaires contractuels de Google. Toutefois, Google n\u2019\u00e9tablira pas de liens entre votre adresse IP et d\u2019autres donn\u00e9es enregistr\u00e9es par vos soins.<\/p><p>Vous pouvez emp\u00eacher l&#8217;installation des cookies par une configuration correspondante de votre logiciel de navigation; toutefois, nous attirons votre attention sur le fait que vous ne b\u00e9n\u00e9ficierez pas dans ce cas de toutes les fonctions de ce site Internet. Par l&#8217;utilisation du pr\u00e9sent site Internet, vous d\u00e9clarez votre accord avec le traitement des donn\u00e9es collect\u00e9es \u00e0 votre sujet par Google selon le mode et aux fins d\u00e9crits ci-dessus.<\/p>\t\t\t\t\t\t<\/div>\n\t\t\t\t<\/div>\n\t\t\t\t<div class=\"elementor-element elementor-element-1c3cf38 elementor-widget elementor-widget-heading\" data-id=\"1c3cf38\" data-element_type=\"widget\" data-widget_type=\"heading.default\">\n\t\t\t\t<div class=\"elementor-widget-container\">\n\t\t\t<h3 class=\"elementor-heading-title elementor-size-default\">Google Analytics<\/h3>\t\t<\/div>\n\t\t\t\t<\/div>\n\t\t\t\t<div class=\"elementor-element elementor-element-bf16ae0 elementor-widget elementor-widget-text-editor\" data-id=\"bf16ae0\" data-element_type=\"widget\" data-widget_type=\"text-editor.default\">\n\t\t\t\t<div class=\"elementor-widget-container\">\n\t\t\t\t\t\t\t<p>Le pr\u00e9sent site Internet utilise Google Analytics, un service d\u2019analyse Web de Google Inc. (\u00abGoogle\u00bb), Google LLC (USA) et de Google Ireland Limited (Irlande). Google Analytics utilise des cookies pour permettre l\u2019analyse de votre utilisation du site Internet. Les informations g\u00e9n\u00e9r\u00e9es par les cookies au sujet de votre utilisation de ce site Internet sont g\u00e9n\u00e9ralement transmises \u00e0 un serveur Google aux USA, o\u00f9 elles sont m\u00e9moris\u00e9es. L\u2019adresse IP est ensuite abr\u00e9g\u00e9e des trois derniers caract\u00e8res par Google. L\u2019affectation claire de l\u2019adresse IP n\u2019est alors plus possible.<\/p><p>L&#8217;adresse IP compl\u00e8te n&#8217;est transmise que dans des cas exceptionnels \u00e0 un serveur de Google aux USA avant d&#8217;y \u00eatre abr\u00e9g\u00e9e. Google utilisera ces informations pour analyser votre utilisation du site Internet, pour \u00e9tablir des comptes-rendus sur les activit\u00e9s du site Internet \u00e0 l&#8217;attention des exploitants du site Web et pour r\u00e9aliser d&#8217;autres prestations de services li\u00e9es \u00e0 l&#8217;utilisation su site Web et d&#8217;Internet. Google pourra \u00e9galement transf\u00e9rer ces informations \u00e0 des tiers, dans la mesure o\u00f9 cela est exig\u00e9 par la loi ou si des tiers traitent ces donn\u00e9es pour le compte de Google. L&#8217;adresse IP transmise par votre navigateur dans le cadre de Google Analytics n&#8217;est pas regroup\u00e9e avec d&#8217;autres donn\u00e9es de Google.<\/p><p>Vous pouvez emp\u00eacher l&#8217;installation des cookies par une configuration correspondante de votre logiciel de navigation ; toutefois, nous attirons votre attention sur le fait que vous ne b\u00e9n\u00e9ficierez pas dans ce cas de toutes les fonctions de ce site Internet. Par l&#8217;utilisation du pr\u00e9sent site Internet, vous d\u00e9clarez votre accord avec le traitement des donn\u00e9es collect\u00e9es \u00e0 votre sujet par Google selon le mode et aux fins d\u00e9crits ci-dessus.<\/p>\t\t\t\t\t\t<\/div>\n\t\t\t\t<\/div>\n\t\t\t\t<div class=\"elementor-element elementor-element-f4eadc5 elementor-widget elementor-widget-heading\" data-id=\"f4eadc5\" data-element_type=\"widget\" data-widget_type=\"heading.default\">\n\t\t\t\t<div class=\"elementor-widget-container\">\n\t\t\t<h3 class=\"elementor-heading-title elementor-size-default\">Plugins Facebook (bouton J\u2019aime)<\/h3>\t\t<\/div>\n\t\t\t\t<\/div>\n\t\t\t\t<div class=\"elementor-element elementor-element-45491b5 elementor-widget elementor-widget-text-editor\" data-id=\"45491b5\" data-element_type=\"widget\" data-widget_type=\"text-editor.default\">\n\t\t\t\t<div class=\"elementor-widget-container\">\n\t\t\t\t\t\t\t<p>Nous avons int\u00e9gr\u00e9 \u00e0 notre site Internet des Plugins du r\u00e9seau social Facebook, 1601 South California Avenue, Palo Alto, CA 94304, USA. Les Plugins de Facebook se distinguent par le logo de Facebook ou par le bouton \u00ab\u00a0j&#8217;aime\u00a0\u00bb sur notre site Internet. Vous trouverez une vue d&#8217;ensemble des Plugins de Facebook ici\u00a0: http:\/\/developers.facebook.com\/docs\/plugins.<\/p><p>Si vous visitez notre site Internet, le Plugin \u00e9tablit une connexion directe entre votre navigateur et le serveur de Facebook. Facebook obtient alors l&#8217;information que votre adresse IP a visit\u00e9 notre site Internet. Si vous cliquez sur le bouton \u00ab\u00a0j&#8217;aime\u00a0\u00bb de Facebook alors que vous \u00eates connect\u00e9 \u00e0 votre compte Facebook, vous pouvez relier les contenus de notre site Internet \u00e0 votre profil Facebook. Ainsi, Facebook peut affecter la visite de notre site Internet \u00e0 votre compte Facebook. Nous attirons votre attention sur le fait qu\u2019en tant qu\u2019exploitant du site Internet, nous n\u2019avons aucune connaissance du contenu des donn\u00e9es transmises, ni de leur utilisation par Facebook. De plus amples informations \u00e0 ce sujet figurent dans la d\u00e9claration de protection des donn\u00e9es personnelles de Facebook sur https:\/\/www.facebook.com\/about\/privacy\/<\/p><p>Si vous ne souhaitez pas que Facebook puisse affecter la visite de notre site Internet \u00e0 votre compte d\u2019utilisateur Facebook, vous devez vous d\u00e9connecter de votre compte d\u2019utilisateur Facebook avant d\u2019utiliser notre site Internet.<\/p>\t\t\t\t\t\t<\/div>\n\t\t\t\t<\/div>\n\t\t\t\t<div class=\"elementor-element elementor-element-f4ca782 elementor-widget elementor-widget-heading\" data-id=\"f4ca782\" data-element_type=\"widget\" data-widget_type=\"heading.default\">\n\t\t\t\t<div class=\"elementor-widget-container\">\n\t\t\t<h3 class=\"elementor-heading-title elementor-size-default\">Vos droits et prise de contact<\/h3>\t\t<\/div>\n\t\t\t\t<\/div>\n\t\t\t\t<div class=\"elementor-element elementor-element-cb2989e elementor-widget elementor-widget-text-editor\" data-id=\"cb2989e\" data-element_type=\"widget\" data-widget_type=\"text-editor.default\">\n\t\t\t\t<div class=\"elementor-widget-container\">\n\t\t\t\t\t\t\t<p>Si vous avez des questions au sujet du traitement des donn\u00e9es ou de vos droits en mati\u00e8re de traitement des donn\u00e9es, n\u2019h\u00e9sitez pas \u00e0 nous contacter. L\u2019adresse de contact figure dans l\u2019impressum.<\/p>\t\t\t\t\t\t<\/div>\n\t\t\t\t<\/div>\n\t\t\t\t<div class=\"elementor-element elementor-element-76ad449 elementor-widget elementor-widget-heading\" data-id=\"76ad449\" data-element_type=\"widget\" data-widget_type=\"heading.default\">\n\t\t\t\t<div class=\"elementor-widget-container\">\n\t\t\t<h3 class=\"elementor-heading-title elementor-size-default\">Modification de la d\u00e9claration de protection des donn\u00e9es personnelles.<\/h3>\t\t<\/div>\n\t\t\t\t<\/div>\n\t\t\t\t<div class=\"elementor-element elementor-element-799650b elementor-widget elementor-widget-text-editor\" data-id=\"799650b\" data-element_type=\"widget\" data-widget_type=\"text-editor.default\">\n\t\t\t\t<div class=\"elementor-widget-container\">\n\t\t\t\t\t\t\t<p>Nous nous r\u00e9servons le droit de modifier le contenu de la pr\u00e9sente d\u00e9claration de protection des donn\u00e9es personnelles \u00e0 tout moment et sans notification pr\u00e9alable. La nouvelle d\u00e9claration de protection des donn\u00e9es personnelles s\u2019applique \u00e0 compter de la date de sa publication. Nous recommandons donc de consulter r\u00e9guli\u00e8rement la d\u00e9claration de protection des donn\u00e9es personnelles.<\/p>\t\t\t\t\t\t<\/div>\n\t\t\t\t<\/div>\n\t\t\t\t<div class=\"elementor-element elementor-element-209bfc6 elementor-widget elementor-widget-text-editor\" data-id=\"209bfc6\" data-element_type=\"widget\" data-widget_type=\"text-editor.default\">\n\t\t\t\t<div class=\"elementor-widget-container\">\n\t\t\t\t\t\t\t<p><span style=\"background-color: rgb(255, 255, 255); letter-spacing: normal; color: var( --e-global-color-text ); font-family: var( --e-global-typography-text-font-family ), Sans-serif; text-align: var(--text-align);\">Version\/derni\u00e8re modification<\/span>&nbsp;[01.01.2024]<\/p>\t\t\t\t\t\t<\/div>\n\t\t\t\t<\/div>\n\t\t\t\t\t<\/div>\n\t\t\t\t<\/div>\n\t\t\t\t\t\t\t<\/div>\n\t\t","protected":false},"excerpt":{"rendered":"<p>Conditions G\u00e9n\u00e9rales de Vente D\u00e9claration de protection des donn\u00e9es personnelles G\u00e9n\u00e9ralit\u00e9s Nous exploitons ce site Internet notamment \u00e0 des fins d\u2019information au sujet des produits de soins pour les cheveux et des salons de coiffure, ainsi que pour permettre \u00e0 nos clients de prendre rendez-vous en ligne et de s\u2019abonner \u00e0 notre lettre d\u2019informations. La [&hellip;]<\/p>\n","protected":false},"author":1,"featured_media":0,"parent":0,"menu_order":0,"comment_status":"closed","ping_status":"closed","template":"","meta":{"_monsterinsights_skip_tracking":false,"_monsterinsights_sitenote_active":false,"_monsterinsights_sitenote_note":"","_monsterinsights_sitenote_category":0,"footnotes":""},"class_list":["post-14954","page","type-page","status-publish","hentry"],"aioseo_notices":[],"_links":{"self":[{"href":"https:\/\/louisphilipp.ch\/fr\/wp-json\/wp\/v2\/pages\/14954","targetHints":{"allow":["GET"]}}],"collection":[{"href":"https:\/\/louisphilipp.ch\/fr\/wp-json\/wp\/v2\/pages"}],"about":[{"href":"https:\/\/louisphilipp.ch\/fr\/wp-json\/wp\/v2\/types\/page"}],"author":[{"embeddable":true,"href":"https:\/\/louisphilipp.ch\/fr\/wp-json\/wp\/v2\/users\/1"}],"replies":[{"embeddable":true,"href":"https:\/\/louisphilipp.ch\/fr\/wp-json\/wp\/v2\/comments?post=14954"}],"version-history":[{"count":1,"href":"https:\/\/louisphilipp.ch\/fr\/wp-json\/wp\/v2\/pages\/14954\/revisions"}],"predecessor-version":[{"id":17294,"href":"https:\/\/louisphilipp.ch\/fr\/wp-json\/wp\/v2\/pages\/14954\/revisions\/17294"}],"wp:attachment":[{"href":"https:\/\/louisphilipp.ch\/fr\/wp-json\/wp\/v2\/media?parent=14954"}],"curies":[{"name":"wp","href":"https:\/\/api.w.org\/{rel}","templated":true}]}}