{"id":14878,"date":"2023-12-19T10:22:37","date_gmt":"2023-12-19T10:22:37","guid":{"rendered":"https:\/\/louisphilipp.ch\/aktuelles\/"},"modified":"2025-10-23T09:27:13","modified_gmt":"2025-10-23T09:27:13","slug":"actuel","status":"publish","type":"page","link":"https:\/\/louisphilipp.ch\/fr\/actuel","title":{"rendered":"Actuel"},"content":{"rendered":"\t\t<div data-elementor-type=\"wp-page\" data-elementor-id=\"14878\" class=\"elementor elementor-14878 elementor-11025\" data-elementor-post-type=\"page\">\n\t\t\t\t\t\t\t<div class=\"elementor-element elementor-element-02002e7 e-flex e-con-boxed e-con e-parent\" data-id=\"02002e7\" data-element_type=\"container\" data-settings=\"{&quot;content_width&quot;:&quot;boxed&quot;}\" data-core-v316-plus=\"true\">\n\t\t\t\t\t<div class=\"e-con-inner\">\n\t\t\t\t<div class=\"elementor-element elementor-element-c5cb279 elementor--h-position-center elementor--v-position-middle elementor-arrows-position-inside elementor-pagination-position-inside elementor-widget elementor-widget-slides\" data-id=\"c5cb279\" data-element_type=\"widget\" data-settings=\"{&quot;navigation&quot;:&quot;both&quot;,&quot;autoplay&quot;:&quot;yes&quot;,&quot;pause_on_hover&quot;:&quot;yes&quot;,&quot;pause_on_interaction&quot;:&quot;yes&quot;,&quot;autoplay_speed&quot;:5000,&quot;infinite&quot;:&quot;yes&quot;,&quot;transition&quot;:&quot;slide&quot;,&quot;transition_speed&quot;:500}\" data-widget_type=\"slides.default\">\n\t\t\t\t<div class=\"elementor-widget-container\">\n\t\t\t<style>\/*! elementor-pro - v3.18.0 - 17-01-2024 *\/\n.elementor-slides .swiper-slide-bg{background-size:cover;background-position:50%;background-repeat:no-repeat;min-width:100%;min-height:100%}.elementor-slides .swiper-slide-inner{background-repeat:no-repeat;background-position:50%;position:absolute;top:0;left:0;bottom:0;right:0;padding:50px;margin:auto}.elementor-slides .swiper-slide-inner,.elementor-slides .swiper-slide-inner:hover{color:#fff;display:flex}.elementor-slides .swiper-slide-inner .elementor-background-overlay{position:absolute;z-index:0;top:0;bottom:0;left:0;right:0}.elementor-slides .swiper-slide-inner .elementor-slide-content{position:relative;z-index:1;width:100%}.elementor-slides .swiper-slide-inner .elementor-slide-heading{font-size:35px;font-weight:700;line-height:1}.elementor-slides .swiper-slide-inner .elementor-slide-description{font-size:17px;line-height:1.4}.elementor-slides .swiper-slide-inner .elementor-slide-description:not(:last-child),.elementor-slides .swiper-slide-inner .elementor-slide-heading:not(:last-child){margin-bottom:30px}.elementor-slides .swiper-slide-inner .elementor-slide-button{border:2px solid #fff;color:#fff;background:transparent;display:inline-block}.elementor-slides .swiper-slide-inner .elementor-slide-button,.elementor-slides .swiper-slide-inner .elementor-slide-button:hover{background:transparent;color:inherit;text-decoration:none}.elementor--v-position-top .swiper-slide-inner{align-items:flex-start}.elementor--v-position-bottom .swiper-slide-inner{align-items:flex-end}.elementor--v-position-middle .swiper-slide-inner{align-items:center}.elementor--h-position-left .swiper-slide-inner{justify-content:flex-start}.elementor--h-position-right .swiper-slide-inner{justify-content:flex-end}.elementor--h-position-center .swiper-slide-inner{justify-content:center}body.rtl .elementor-widget-slides .elementor-swiper-button-next{left:10px;right:auto}body.rtl .elementor-widget-slides .elementor-swiper-button-prev{right:10px;left:auto}.elementor-slides-wrapper div:not(.swiper-slide)>.swiper-slide-inner{display:none}@media (max-width:767px){.elementor-slides .swiper-slide-inner{padding:30px}.elementor-slides .swiper-slide-inner .elementor-slide-heading{font-size:23px;line-height:1;margin-bottom:15px}.elementor-slides .swiper-slide-inner .elementor-slide-description{font-size:13px;line-height:1.4;margin-bottom:15px}}<\/style>\t\t<div class=\"elementor-swiper\">\n\t\t\t<div class=\"elementor-slides-wrapper elementor-main-swiper swiper\" dir=\"ltr\" data-animation=\"fadeInUp\">\n\t\t\t\t<div class=\"swiper-wrapper elementor-slides\">\n\t\t\t\t\t\t\t\t\t\t<div class=\"elementor-repeater-item-dcceae3 swiper-slide\"><div class=\"swiper-slide-bg\" role=\"img\"><\/div><div class=\"swiper-slide-inner\" ><div class=\"swiper-slide-contents\"><\/div><\/div><\/div>\t\t\t\t<\/div>\n\t\t\t\t\t\t\t<\/div>\n\t\t<\/div>\n\t\t\t\t<\/div>\n\t\t\t\t<\/div>\n\t\t\t\t\t<\/div>\n\t\t\t\t<\/div>\n\t\t<div class=\"elementor-element elementor-element-bf5af71 e-flex e-con-boxed e-con e-parent\" data-id=\"bf5af71\" data-element_type=\"container\" data-settings=\"{&quot;content_width&quot;:&quot;boxed&quot;}\" data-core-v316-plus=\"true\">\n\t\t\t\t\t<div class=\"e-con-inner\">\n\t\t<div class=\"elementor-element elementor-element-bc3cb80 e-con-full e-flex e-con e-child\" data-id=\"bc3cb80\" data-element_type=\"container\" data-settings=\"{&quot;content_width&quot;:&quot;full&quot;}\">\n\t\t\t\t<div class=\"elementor-element elementor-element-f51cbe1 elementor-widget elementor-widget-heading\" data-id=\"f51cbe1\" data-element_type=\"widget\" data-widget_type=\"heading.default\">\n\t\t\t\t<div class=\"elementor-widget-container\">\n\t\t\t<style>\/*! elementor - v3.18.0 - 20-12-2023 *\/\n.elementor-heading-title{padding:0;margin:0;line-height:1}.elementor-widget-heading .elementor-heading-title[class*=elementor-size-]>a{color:inherit;font-size:inherit;line-height:inherit}.elementor-widget-heading .elementor-heading-title.elementor-size-small{font-size:15px}.elementor-widget-heading .elementor-heading-title.elementor-size-medium{font-size:19px}.elementor-widget-heading .elementor-heading-title.elementor-size-large{font-size:29px}.elementor-widget-heading .elementor-heading-title.elementor-size-xl{font-size:39px}.elementor-widget-heading .elementor-heading-title.elementor-size-xxl{font-size:59px}<\/style><h5 class=\"elementor-heading-title elementor-size-default\">Actualit\u00e9s<\/h5>\t\t<\/div>\n\t\t\t\t<\/div>\n\t\t\t\t<div class=\"elementor-element elementor-element-1c6ff98 elementor-widget elementor-widget-heading\" data-id=\"1c6ff98\" data-element_type=\"widget\" data-widget_type=\"heading.default\">\n\t\t\t\t<div class=\"elementor-widget-container\">\n\t\t\t<h2 class=\"elementor-heading-title elementor-size-default\">Nouveaut\u00e9s<br>\noffres sp\u00e9ciales<\/h2>\t\t<\/div>\n\t\t\t\t<\/div>\n\t\t\t\t<\/div>\n\t\t\t\t\t<\/div>\n\t\t\t\t<\/div>\n\t\t<div class=\"elementor-element elementor-element-a129067 e-flex e-con-boxed e-con e-parent\" data-id=\"a129067\" data-element_type=\"container\" data-settings=\"{&quot;content_width&quot;:&quot;boxed&quot;}\" data-core-v316-plus=\"true\">\n\t\t\t\t\t<div class=\"e-con-inner\">\n\t\t<div class=\"elementor-element elementor-element-e0e1bcb e-con-full e-flex e-con e-child\" data-id=\"e0e1bcb\" data-element_type=\"container\" data-settings=\"{&quot;content_width&quot;:&quot;full&quot;}\">\n\t\t<div class=\"elementor-element elementor-element-0cd76ac e-flex e-con-boxed e-con e-child\" data-id=\"0cd76ac\" data-element_type=\"container\" data-settings=\"{&quot;content_width&quot;:&quot;boxed&quot;}\">\n\t\t\t\t\t<div class=\"e-con-inner\">\n\t\t\t\t<div class=\"elementor-element elementor-element-f745e6b elementor-widget elementor-widget-image\" data-id=\"f745e6b\" data-element_type=\"widget\" data-widget_type=\"image.default\">\n\t\t\t\t<div class=\"elementor-widget-container\">\n\t\t\t<style>\/*! elementor - v3.18.0 - 20-12-2023 *\/\n.elementor-widget-image{text-align:center}.elementor-widget-image a{display:inline-block}.elementor-widget-image a img[src$=\".svg\"]{width:48px}.elementor-widget-image img{vertical-align:middle;display:inline-block}<\/style>\t\t\t\t\t\t\t\t\t\t\t\t<img fetchpriority=\"high\" decoding=\"async\" width=\"1024\" height=\"833\" src=\"https:\/\/louisphilipp.ch\/wp-content\/uploads\/2021\/05\/gentle-linie-1024x833.png\" class=\"attachment-large size-large wp-image-9819\" alt=\"Gentle Linie\" srcset=\"https:\/\/louisphilipp.ch\/wp-content\/uploads\/2021\/05\/gentle-linie-1024x833.png 1024w, https:\/\/louisphilipp.ch\/wp-content\/uploads\/2021\/05\/gentle-linie-300x244.png 300w, https:\/\/louisphilipp.ch\/wp-content\/uploads\/2021\/05\/gentle-linie-768x624.png 768w, https:\/\/louisphilipp.ch\/wp-content\/uploads\/2021\/05\/gentle-linie-600x488.png 600w, https:\/\/louisphilipp.ch\/wp-content\/uploads\/2021\/05\/gentle-linie.png 1300w\" sizes=\"(max-width: 1024px) 100vw, 1024px\" \/>\t\t\t\t\t\t\t\t\t\t\t\t\t\t\t<\/div>\n\t\t\t\t<\/div>\n\t\t\t\t<div class=\"elementor-element elementor-element-400dcd2 elementor-widget elementor-widget-heading\" data-id=\"400dcd2\" data-element_type=\"widget\" data-widget_type=\"heading.default\">\n\t\t\t\t<div class=\"elementor-widget-container\">\n\t\t\t<h5 class=\"elementor-heading-title elementor-size-default\">GENTLE LINE<\/h5>\t\t<\/div>\n\t\t\t\t<\/div>\n\t\t\t\t<div class=\"elementor-element elementor-element-3a41c8d elementor-widget elementor-widget-heading\" data-id=\"3a41c8d\" data-element_type=\"widget\" data-widget_type=\"heading.default\">\n\t\t\t\t<div class=\"elementor-widget-container\">\n\t\t\t<h4 class=\"elementor-heading-title elementor-size-default\">G\u00e2ter vos <br>cheveux<\/h4>\t\t<\/div>\n\t\t\t\t<\/div>\n\t\t\t\t<div class=\"elementor-element elementor-element-b477b60 elementor-widget elementor-widget-text-editor\" data-id=\"b477b60\" data-element_type=\"widget\" data-widget_type=\"text-editor.default\">\n\t\t\t\t<div class=\"elementor-widget-container\">\n\t\t\t<style>\/*! elementor - v3.18.0 - 20-12-2023 *\/\n.elementor-widget-text-editor.elementor-drop-cap-view-stacked .elementor-drop-cap{background-color:#69727d;color:#fff}.elementor-widget-text-editor.elementor-drop-cap-view-framed .elementor-drop-cap{color:#69727d;border:3px solid;background-color:transparent}.elementor-widget-text-editor:not(.elementor-drop-cap-view-default) .elementor-drop-cap{margin-top:8px}.elementor-widget-text-editor:not(.elementor-drop-cap-view-default) .elementor-drop-cap-letter{width:1em;height:1em}.elementor-widget-text-editor .elementor-drop-cap{float:left;text-align:center;line-height:1;font-size:50px}.elementor-widget-text-editor .elementor-drop-cap-letter{display:inline-block}<\/style>\t\t\t\t<div class=\"col-sm-6\"><div class=\"tron\"><div class=\"tron-body\" style=\"text-align: center;\">La nouvelle ligne Gentle de Louis Philipp Private Haircare, compos\u00e9e d&#8217;un shampooing, d&#8217;un apr\u00e8s-shampooing et d&#8217;un masque, chouchoute vos cheveux. Ce soin doux et apaisant est particuli\u00e8rement adapt\u00e9 aux cheveux sensibles et au cuir chevelu d\u00e9licat. La combinaison des trois produits rend les cheveux souples et les hydrate.<\/div><\/div><\/div><div class=\"col-sm-6\"><picture><source srcset=\"\/media\/1595\/gentle_line_slide_1920x1080_de_fr_en.png?format=jpg&amp;width=555&amp;maxwidth=2500&amp;maxheight=3840&amp;quality=80&amp;mode=crop 1x,\/media\/1595\/gentle_line_slide_1920x1080_de_fr_en.png?format=jpg&amp;width=1110&amp;maxwidth=2500&amp;maxheight=3840&amp;quality=80&amp;mode=crop 2x\" media=\"(min-width: 1200px)\" \/><source srcset=\"\/media\/1595\/gentle_line_slide_1920x1080_de_fr_en.png?format=jpg&amp;width=454&amp;maxwidth=2500&amp;maxheight=3840&amp;quality=80&amp;mode=crop 1x,\/media\/1595\/gentle_line_slide_1920x1080_de_fr_en.png?format=jpg&amp;width=908&amp;maxwidth=2500&amp;maxheight=3840&amp;quality=80&amp;mode=crop 2x\" media=\"(min-width: 992px)\" \/><source srcset=\"\/media\/1595\/gentle_line_slide_1920x1080_de_fr_en.png?format=jpg&amp;width=345&amp;maxwidth=2500&amp;maxheight=3840&amp;quality=80&amp;mode=crop 1x,\/media\/1595\/gentle_line_slide_1920x1080_de_fr_en.png?format=jpg&amp;width=690&amp;maxwidth=2500&amp;maxheight=3840&amp;quality=80&amp;mode=crop 2x\" media=\"(min-width: 768px)\" \/><\/picture><\/div>\t\t\t\t\t\t<\/div>\n\t\t\t\t<\/div>\n\t\t\t\t\t<\/div>\n\t\t\t\t<\/div>\n\t\t\t\t<\/div>\n\t\t<div class=\"elementor-element elementor-element-dc99113 e-con-full e-flex e-con e-child\" data-id=\"dc99113\" data-element_type=\"container\" data-settings=\"{&quot;content_width&quot;:&quot;full&quot;,&quot;background_background&quot;:&quot;classic&quot;}\">\n\t\t<div class=\"elementor-element elementor-element-3379e3e e-flex e-con-boxed e-con e-child\" data-id=\"3379e3e\" data-element_type=\"container\" data-settings=\"{&quot;background_background&quot;:&quot;classic&quot;,&quot;content_width&quot;:&quot;boxed&quot;}\">\n\t\t\t\t\t<div class=\"e-con-inner\">\n\t\t\t\t<div class=\"elementor-element elementor-element-ab2b18f elementor-widget elementor-widget-image\" data-id=\"ab2b18f\" data-element_type=\"widget\" data-widget_type=\"image.default\">\n\t\t\t\t<div class=\"elementor-widget-container\">\n\t\t\t\t\t\t\t\t\t\t\t\t\t\t\t<img decoding=\"async\" width=\"1024\" height=\"833\" src=\"https:\/\/louisphilipp.ch\/wp-content\/uploads\/2025\/10\/1024x833-px-LPPH.jpg\" class=\"attachment-large size-large wp-image-18778\" alt=\"\" srcset=\"https:\/\/louisphilipp.ch\/wp-content\/uploads\/2025\/10\/1024x833-px-LPPH.jpg 1024w, https:\/\/louisphilipp.ch\/wp-content\/uploads\/2025\/10\/1024x833-px-LPPH-300x244.jpg 300w, https:\/\/louisphilipp.ch\/wp-content\/uploads\/2025\/10\/1024x833-px-LPPH-768x625.jpg 768w, https:\/\/louisphilipp.ch\/wp-content\/uploads\/2025\/10\/1024x833-px-LPPH-600x488.jpg 600w\" sizes=\"(max-width: 1024px) 100vw, 1024px\" \/>\t\t\t\t\t\t\t\t\t\t\t\t\t\t\t<\/div>\n\t\t\t\t<\/div>\n\t\t\t\t<div class=\"elementor-element elementor-element-6d81fcc elementor-widget elementor-widget-heading\" data-id=\"6d81fcc\" data-element_type=\"widget\" data-widget_type=\"heading.default\">\n\t\t\t\t<div class=\"elementor-widget-container\">\n\t\t\t<h5 class=\"elementor-heading-title elementor-size-default\">OFFRE DE R\u00c9DUCTION<\/h5>\t\t<\/div>\n\t\t\t\t<\/div>\n\t\t\t\t<div class=\"elementor-element elementor-element-f7ab24b elementor-widget elementor-widget-heading\" data-id=\"f7ab24b\" data-element_type=\"widget\" data-widget_type=\"heading.default\">\n\t\t\t\t<div class=\"elementor-widget-container\">\n\t\t\t<h4 class=\"elementor-heading-title elementor-size-default\">Profiter<br>maintenant<\/h4>\t\t<\/div>\n\t\t\t\t<\/div>\n\t\t\t\t<div class=\"elementor-element elementor-element-e29a659 elementor-widget elementor-widget-text-editor\" data-id=\"e29a659\" data-element_type=\"widget\" data-widget_type=\"text-editor.default\">\n\t\t\t\t<div class=\"elementor-widget-container\">\n\t\t\t\t\t\t\t<div class=\"col-sm-6\"><div class=\"tron\"><div class=\"tron-body\" style=\"text-align: center;\">Jusqu&#8217;\u00e0 20%* de r\u00e9duction sur tous les produits de soin et de styling. *Non compris les appareils \u00e9lectriques et les accessoires.<\/div><\/div><\/div><div class=\"col-sm-6\" style=\"text-align: center;\"><picture><source srcset=\"\/media\/1538\/shine_styler_slide_1920x1080_de_fr_en.png?format=jpg&amp;width=555&amp;maxwidth=2500&amp;maxheight=3840&amp;quality=80&amp;mode=crop 1x,\/media\/1538\/shine_styler_slide_1920x1080_de_fr_en.png?format=jpg&amp;width=1110&amp;maxwidth=2500&amp;maxheight=3840&amp;quality=80&amp;mode=crop 2x\" media=\"(min-width: 1200px)\" \/><source srcset=\"\/media\/1538\/shine_styler_slide_1920x1080_de_fr_en.png?format=jpg&amp;width=454&amp;maxwidth=2500&amp;maxheight=3840&amp;quality=80&amp;mode=crop 1x,\/media\/1538\/shine_styler_slide_1920x1080_de_fr_en.png?format=jpg&amp;width=908&amp;maxwidth=2500&amp;maxheight=3840&amp;quality=80&amp;mode=crop 2x\" media=\"(min-width: 992px)\" \/><source srcset=\"\/media\/1538\/shine_styler_slide_1920x1080_de_fr_en.png?format=jpg&amp;width=345&amp;maxwidth=2500&amp;maxheight=3840&amp;quality=80&amp;mode=crop 1x,\/media\/1538\/shine_styler_slide_1920x1080_de_fr_en.png?format=jpg&amp;width=690&amp;maxwidth=2500&amp;maxheight=3840&amp;quality=80&amp;mode=crop 2x\" media=\"(min-width: 768px)\" \/><\/picture><\/div>\t\t\t\t\t\t<\/div>\n\t\t\t\t<\/div>\n\t\t\t\t<div class=\"elementor-element elementor-element-39def31 elementor-widget elementor-widget-image\" data-id=\"39def31\" data-element_type=\"widget\" data-widget_type=\"image.default\">\n\t\t\t\t<div class=\"elementor-widget-container\">\n\t\t\t\t\t\t\t\t\t\t\t\t\t\t\t<img decoding=\"async\" width=\"1024\" height=\"521\" src=\"https:\/\/louisphilipp.ch\/wp-content\/uploads\/2024\/01\/LouisPhilipp-News-1-1024x521.png\" class=\"attachment-large size-large wp-image-12066\" alt=\"Rabattaktion\" srcset=\"https:\/\/louisphilipp.ch\/wp-content\/uploads\/2024\/01\/LouisPhilipp-News-1-1024x521.png 1024w, https:\/\/louisphilipp.ch\/wp-content\/uploads\/2024\/01\/LouisPhilipp-News-1-300x153.png 300w, https:\/\/louisphilipp.ch\/wp-content\/uploads\/2024\/01\/LouisPhilipp-News-1-768x391.png 768w, https:\/\/louisphilipp.ch\/wp-content\/uploads\/2024\/01\/LouisPhilipp-News-1-600x306.png 600w, https:\/\/louisphilipp.ch\/wp-content\/uploads\/2024\/01\/LouisPhilipp-News-1.png 1300w\" sizes=\"(max-width: 1024px) 100vw, 1024px\" \/>\t\t\t\t\t\t\t\t\t\t\t\t\t\t\t<\/div>\n\t\t\t\t<\/div>\n\t\t\t\t\t<\/div>\n\t\t\t\t<\/div>\n\t\t\t\t<\/div>\n\t\t<div class=\"elementor-element elementor-element-c97a27a e-con-full e-flex e-con e-child\" data-id=\"c97a27a\" data-element_type=\"container\" data-settings=\"{&quot;content_width&quot;:&quot;full&quot;,&quot;background_background&quot;:&quot;classic&quot;}\">\n\t\t<div class=\"elementor-element elementor-element-3b9fa80 e-flex e-con-boxed e-con e-child\" data-id=\"3b9fa80\" data-element_type=\"container\" data-settings=\"{&quot;background_background&quot;:&quot;classic&quot;,&quot;content_width&quot;:&quot;boxed&quot;}\">\n\t\t\t\t\t<div class=\"e-con-inner\">\n\t\t\t\t<div class=\"elementor-element elementor-element-3e1db59 elementor-widget elementor-widget-image\" data-id=\"3e1db59\" data-element_type=\"widget\" data-widget_type=\"image.default\">\n\t\t\t\t<div class=\"elementor-widget-container\">\n\t\t\t\t\t\t\t\t\t\t\t\t\t\t\t<img loading=\"lazy\" decoding=\"async\" width=\"1024\" height=\"833\" src=\"https:\/\/louisphilipp.ch\/wp-content\/uploads\/2023\/12\/daily-refresh-1024x833.png\" class=\"attachment-large size-large wp-image-9862\" alt=\"Daily Refresh\" srcset=\"https:\/\/louisphilipp.ch\/wp-content\/uploads\/2023\/12\/daily-refresh-1024x833.png 1024w, https:\/\/louisphilipp.ch\/wp-content\/uploads\/2023\/12\/daily-refresh-300x244.png 300w, https:\/\/louisphilipp.ch\/wp-content\/uploads\/2023\/12\/daily-refresh-768x624.png 768w, https:\/\/louisphilipp.ch\/wp-content\/uploads\/2023\/12\/daily-refresh-600x488.png 600w, https:\/\/louisphilipp.ch\/wp-content\/uploads\/2023\/12\/daily-refresh.png 1300w\" sizes=\"(max-width: 1024px) 100vw, 1024px\" \/>\t\t\t\t\t\t\t\t\t\t\t\t\t\t\t<\/div>\n\t\t\t\t<\/div>\n\t\t\t\t<div class=\"elementor-element elementor-element-dda3336 elementor-widget elementor-widget-heading\" data-id=\"dda3336\" data-element_type=\"widget\" data-widget_type=\"heading.default\">\n\t\t\t\t<div class=\"elementor-widget-container\">\n\t\t\t<h5 class=\"elementor-heading-title elementor-size-default\">ID\u00c9E CADEAU<\/h5>\t\t<\/div>\n\t\t\t\t<\/div>\n\t\t\t\t<div class=\"elementor-element elementor-element-aa2702e elementor-widget elementor-widget-heading\" data-id=\"aa2702e\" data-element_type=\"widget\" data-widget_type=\"heading.default\">\n\t\t\t\t<div class=\"elementor-widget-container\">\n\t\t\t<h4 class=\"elementor-heading-title elementor-size-default\">Offrir des moments<br>en beaute<\/h4>\t\t<\/div>\n\t\t\t\t<\/div>\n\t\t\t\t<div class=\"elementor-element elementor-element-d111693 elementor-widget elementor-widget-text-editor\" data-id=\"d111693\" data-element_type=\"widget\" data-widget_type=\"text-editor.default\">\n\t\t\t\t<div class=\"elementor-widget-container\">\n\t\t\t\t\t\t\t<div class=\"col-sm-6\"><div class=\"tron\"><div class=\"tron-body\" style=\"text-align: center;\">Vous avez besoin d&#8217;une id\u00e9e de cadeau ? Nous avons exactement ce qu&#8217;il vous faut. G\u00e2tez vos proches avec notre ch\u00e8que-cadeau, que ce soit pour une nouvelle coiffure, des moments de d\u00e9tente ou des produits premium personnalis\u00e9s. N&#8217;h\u00e9sitez pas, nous sommes l\u00e0 pour vous conseiller le cadeau id\u00e9al.<\/div><\/div><\/div><div class=\"col-sm-6\"><picture><source srcset=\"\/media\/1479\/daily_refresh_tonic_energize_slide_1920x1080_de_fr_en.jpg?format=jpg&amp;width=555&amp;maxwidth=2500&amp;maxheight=3840&amp;quality=80&amp;mode=crop 1x,\/media\/1479\/daily_refresh_tonic_energize_slide_1920x1080_de_fr_en.jpg?format=jpg&amp;width=1110&amp;maxwidth=2500&amp;maxheight=3840&amp;quality=80&amp;mode=crop 2x\" media=\"(min-width: 1200px)\" \/><source srcset=\"\/media\/1479\/daily_refresh_tonic_energize_slide_1920x1080_de_fr_en.jpg?format=jpg&amp;width=454&amp;maxwidth=2500&amp;maxheight=3840&amp;quality=80&amp;mode=crop 1x,\/media\/1479\/daily_refresh_tonic_energize_slide_1920x1080_de_fr_en.jpg?format=jpg&amp;width=908&amp;maxwidth=2500&amp;maxheight=3840&amp;quality=80&amp;mode=crop 2x\" media=\"(min-width: 992px)\" \/><source srcset=\"\/media\/1479\/daily_refresh_tonic_energize_slide_1920x1080_de_fr_en.jpg?format=jpg&amp;width=345&amp;maxwidth=2500&amp;maxheight=3840&amp;quality=80&amp;mode=crop 1x,\/media\/1479\/daily_refresh_tonic_energize_slide_1920x1080_de_fr_en.jpg?format=jpg&amp;width=690&amp;maxwidth=2500&amp;maxheight=3840&amp;quality=80&amp;mode=crop 2x\" media=\"(min-width: 768px)\" \/><\/picture><\/div>\t\t\t\t\t\t<\/div>\n\t\t\t\t<\/div>\n\t\t\t\t\t<\/div>\n\t\t\t\t<\/div>\n\t\t\t\t<\/div>\n\t\t\t\t\t<\/div>\n\t\t\t\t<\/div>\n\t\t<div class=\"elementor-element elementor-element-a5f9dc8 e-flex e-con-boxed e-con e-parent\" data-id=\"a5f9dc8\" data-element_type=\"container\" data-settings=\"{&quot;background_background&quot;:&quot;classic&quot;,&quot;content_width&quot;:&quot;boxed&quot;}\" data-core-v316-plus=\"true\">\n\t\t\t\t\t<div class=\"e-con-inner\">\n\t\t\t\t\t<\/div>\n\t\t\t\t<\/div>\n\t\t\t\t\t\t\t<\/div>\n\t\t","protected":false},"excerpt":{"rendered":"<p>Actualit\u00e9s Nouveaut\u00e9s offres sp\u00e9ciales GENTLE LINE G\u00e2ter vos cheveux La nouvelle ligne Gentle de Louis Philipp Private Haircare, compos\u00e9e d&#8217;un shampooing, d&#8217;un apr\u00e8s-shampooing et d&#8217;un masque, chouchoute vos cheveux. Ce soin doux et apaisant est particuli\u00e8rement adapt\u00e9 aux cheveux sensibles et au cuir chevelu d\u00e9licat. La combinaison des trois produits rend les cheveux souples et [&hellip;]<\/p>\n","protected":false},"author":1,"featured_media":0,"parent":0,"menu_order":0,"comment_status":"closed","ping_status":"closed","template":"page-full-width.php","meta":{"_monsterinsights_skip_tracking":false,"_monsterinsights_sitenote_active":false,"_monsterinsights_sitenote_note":"","_monsterinsights_sitenote_category":0,"footnotes":""},"class_list":["post-14878","page","type-page","status-publish","hentry"],"aioseo_notices":[],"_links":{"self":[{"href":"https:\/\/louisphilipp.ch\/fr\/wp-json\/wp\/v2\/pages\/14878","targetHints":{"allow":["GET"]}}],"collection":[{"href":"https:\/\/louisphilipp.ch\/fr\/wp-json\/wp\/v2\/pages"}],"about":[{"href":"https:\/\/louisphilipp.ch\/fr\/wp-json\/wp\/v2\/types\/page"}],"author":[{"embeddable":true,"href":"https:\/\/louisphilipp.ch\/fr\/wp-json\/wp\/v2\/users\/1"}],"replies":[{"embeddable":true,"href":"https:\/\/louisphilipp.ch\/fr\/wp-json\/wp\/v2\/comments?post=14878"}],"version-history":[{"count":3,"href":"https:\/\/louisphilipp.ch\/fr\/wp-json\/wp\/v2\/pages\/14878\/revisions"}],"predecessor-version":[{"id":18784,"href":"https:\/\/louisphilipp.ch\/fr\/wp-json\/wp\/v2\/pages\/14878\/revisions\/18784"}],"wp:attachment":[{"href":"https:\/\/louisphilipp.ch\/fr\/wp-json\/wp\/v2\/media?parent=14878"}],"curies":[{"name":"wp","href":"https:\/\/api.w.org\/{rel}","templated":true}]}}