{"id":14850,"date":"2024-01-22T08:36:15","date_gmt":"2024-01-22T08:36:15","guid":{"rendered":"https:\/\/louisphilipp.ch\/frizz-control-cream\/"},"modified":"2024-02-21T08:52:08","modified_gmt":"2024-02-21T08:52:08","slug":"frizz-control-cream","status":"publish","type":"page","link":"https:\/\/louisphilipp.ch\/fr\/collection-care\/frizz-control-cream","title":{"rendered":"Frizz Control Cream"},"content":{"rendered":"\t\t<div data-elementor-type=\"wp-page\" data-elementor-id=\"14850\" class=\"elementor elementor-14850 elementor-12305\" data-elementor-post-type=\"page\">\n\t\t\t\t\t\t\t<div class=\"elementor-element elementor-element-d89a24a e-flex e-con-boxed e-con e-parent\" data-id=\"d89a24a\" data-element_type=\"container\" data-settings=\"{&quot;background_background&quot;:&quot;classic&quot;,&quot;content_width&quot;:&quot;boxed&quot;}\" data-core-v316-plus=\"true\">\n\t\t\t\t\t<div class=\"e-con-inner\">\n\t\t<div class=\"elementor-element elementor-element-a4a57a1 e-con-full e-flex e-con e-child\" data-id=\"a4a57a1\" data-element_type=\"container\" data-settings=\"{&quot;content_width&quot;:&quot;full&quot;}\">\n\t\t\t\t<div class=\"elementor-element elementor-element-5b52923 elementor-widget elementor-widget-image\" data-id=\"5b52923\" data-element_type=\"widget\" data-widget_type=\"image.default\">\n\t\t\t\t<div class=\"elementor-widget-container\">\n\t\t\t<style>\/*! elementor - v3.18.0 - 20-12-2023 *\/\n.elementor-widget-image{text-align:center}.elementor-widget-image a{display:inline-block}.elementor-widget-image a img[src$=\".svg\"]{width:48px}.elementor-widget-image img{vertical-align:middle;display:inline-block}<\/style>\t\t\t\t\t\t\t\t\t\t\t\t<img fetchpriority=\"high\" decoding=\"async\" width=\"853\" height=\"1024\" src=\"https:\/\/louisphilipp.ch\/wp-content\/uploads\/2024\/01\/FrizzControlCream_v2-853x1024.png\" class=\"attachment-large size-large wp-image-12307\" alt=\"Frizz Control Cream\" srcset=\"https:\/\/louisphilipp.ch\/wp-content\/uploads\/2024\/01\/FrizzControlCream_v2-853x1024.png 853w, https:\/\/louisphilipp.ch\/wp-content\/uploads\/2024\/01\/FrizzControlCream_v2-250x300.png 250w, https:\/\/louisphilipp.ch\/wp-content\/uploads\/2024\/01\/FrizzControlCream_v2-768x922.png 768w, https:\/\/louisphilipp.ch\/wp-content\/uploads\/2024\/01\/FrizzControlCream_v2-1280x1536.png 1280w, https:\/\/louisphilipp.ch\/wp-content\/uploads\/2024\/01\/FrizzControlCream_v2-1707x2048.png 1707w, https:\/\/louisphilipp.ch\/wp-content\/uploads\/2024\/01\/FrizzControlCream_v2-600x720.png 600w\" sizes=\"(max-width: 853px) 100vw, 853px\" \/>\t\t\t\t\t\t\t\t\t\t\t\t\t\t\t<\/div>\n\t\t\t\t<\/div>\n\t\t\t\t<\/div>\n\t\t<div class=\"elementor-element elementor-element-9f3e85c e-con-full e-flex e-con e-child\" data-id=\"9f3e85c\" data-element_type=\"container\" data-settings=\"{&quot;content_width&quot;:&quot;full&quot;}\">\n\t\t\t\t<div class=\"elementor-element elementor-element-c4e058c elementor-widget elementor-widget-heading\" data-id=\"c4e058c\" data-element_type=\"widget\" data-widget_type=\"heading.default\">\n\t\t\t\t<div class=\"elementor-widget-container\">\n\t\t\t<style>\/*! elementor - v3.18.0 - 20-12-2023 *\/\n.elementor-heading-title{padding:0;margin:0;line-height:1}.elementor-widget-heading .elementor-heading-title[class*=elementor-size-]>a{color:inherit;font-size:inherit;line-height:inherit}.elementor-widget-heading .elementor-heading-title.elementor-size-small{font-size:15px}.elementor-widget-heading .elementor-heading-title.elementor-size-medium{font-size:19px}.elementor-widget-heading .elementor-heading-title.elementor-size-large{font-size:29px}.elementor-widget-heading .elementor-heading-title.elementor-size-xl{font-size:39px}.elementor-widget-heading .elementor-heading-title.elementor-size-xxl{font-size:59px}<\/style><h6 class=\"elementor-heading-title elementor-size-small\">FINISHER<\/h6>\t\t<\/div>\n\t\t\t\t<\/div>\n\t\t\t\t<div class=\"elementor-element elementor-element-9b164cc elementor-widget elementor-widget-heading\" data-id=\"9b164cc\" data-element_type=\"widget\" data-widget_type=\"heading.default\">\n\t\t\t\t<div class=\"elementor-widget-container\">\n\t\t\t<h3 class=\"elementor-heading-title elementor-size-default\">Frizz Control Cream<\/h3>\t\t<\/div>\n\t\t\t\t<\/div>\n\t\t\t\t<div class=\"elementor-element elementor-element-76bb7b3 elementor-widget elementor-widget-text-editor\" data-id=\"76bb7b3\" data-element_type=\"widget\" data-widget_type=\"text-editor.default\">\n\t\t\t\t<div class=\"elementor-widget-container\">\n\t\t\t<style>\/*! elementor - v3.18.0 - 20-12-2023 *\/\n.elementor-widget-text-editor.elementor-drop-cap-view-stacked .elementor-drop-cap{background-color:#69727d;color:#fff}.elementor-widget-text-editor.elementor-drop-cap-view-framed .elementor-drop-cap{color:#69727d;border:3px solid;background-color:transparent}.elementor-widget-text-editor:not(.elementor-drop-cap-view-default) .elementor-drop-cap{margin-top:8px}.elementor-widget-text-editor:not(.elementor-drop-cap-view-default) .elementor-drop-cap-letter{width:1em;height:1em}.elementor-widget-text-editor .elementor-drop-cap{float:left;text-align:center;line-height:1;font-size:50px}.elementor-widget-text-editor .elementor-drop-cap-letter{display:inline-block}<\/style>\t\t\t\t<p>La cr\u00e8me anti-frizz est ta meilleure amie si tu as souvent des cheveux secs. Que tes cheveux soient naturellement fris\u00e9s ou qu&#8217;ils se dressent sur ton cr\u00e2ne en cas d&#8217;humidit\u00e9 \u00e9lev\u00e9e, tes cheveux sont toujours fris\u00e9s. se dressent sur la t\u00eate.<br \/>Gr\u00e2ce \u00e0 l&#8217;effet apaisant de cette cr\u00e8me de soin et de coiffage, les frisottis sont efficacement combattus. Le beurre de mangue qu&#8217;il contient hydrate et nourrit tes cheveux. de soins suppl\u00e9mentaires, ce qui les prot\u00e8ge durablement contre le dess\u00e8chement. de se dess\u00e9cher. Des cheveux sans frisottis en une minute.<\/p>\t\t\t\t\t\t<\/div>\n\t\t\t\t<\/div>\n\t\t\t\t<div class=\"elementor-element elementor-element-69e31a7 elementor-widget elementor-widget-button\" data-id=\"69e31a7\" data-element_type=\"widget\" data-widget_type=\"button.default\">\n\t\t\t\t<div class=\"elementor-widget-container\">\n\t\t\t\t\t<div class=\"elementor-button-wrapper\">\n\t\t\t<a class=\"elementor-button elementor-button-link elementor-size-sm elementor-animation-grow\" href=\"https:\/\/louisphilipp.ch\/fr\/salonfinder\/\">\n\t\t\t\t\t\t<span class=\"elementor-button-content-wrapper\">\n\t\t\t\t\t\t<span class=\"elementor-button-text\">RECUEILLIR EN SALON<\/span>\n\t\t<\/span>\n\t\t\t\t\t<\/a>\n\t\t<\/div>\n\t\t\t\t<\/div>\n\t\t\t\t<\/div>\n\t\t\t\t<\/div>\n\t\t\t\t\t<\/div>\n\t\t\t\t<\/div>\n\t\t<div class=\"elementor-element elementor-element-d165ad7 e-con-full e-flex e-con e-parent\" data-id=\"d165ad7\" data-element_type=\"container\" data-settings=\"{&quot;content_width&quot;:&quot;full&quot;,&quot;background_background&quot;:&quot;classic&quot;}\" data-core-v316-plus=\"true\">\n\t\t\t\t<div class=\"elementor-element elementor-element-b8a2572 elementor-widget elementor-widget-heading\" data-id=\"b8a2572\" data-element_type=\"widget\" data-widget_type=\"heading.default\">\n\t\t\t\t<div class=\"elementor-widget-container\">\n\t\t\t<h6 class=\"elementor-heading-title elementor-size-small\">COLLECTION<\/h6>\t\t<\/div>\n\t\t\t\t<\/div>\n\t\t\t\t<div class=\"elementor-element elementor-element-d76ade7 elementor-widget elementor-widget-heading\" data-id=\"d76ade7\" data-element_type=\"widget\" data-widget_type=\"heading.default\">\n\t\t\t\t<div class=\"elementor-widget-container\">\n\t\t\t<h2 class=\"elementor-heading-title elementor-size-default\">Fabrication<\/h2>\t\t<\/div>\n\t\t\t\t<\/div>\n\t\t\t\t<div class=\"elementor-element elementor-element-ad688e4 elementor-widget elementor-widget-spacer\" data-id=\"ad688e4\" data-element_type=\"widget\" data-widget_type=\"spacer.default\">\n\t\t\t\t<div class=\"elementor-widget-container\">\n\t\t\t<style>\/*! elementor - v3.18.0 - 20-12-2023 *\/\n.elementor-column .elementor-spacer-inner{height:var(--spacer-size)}.e-con{--container-widget-width:100%}.e-con-inner>.elementor-widget-spacer,.e-con>.elementor-widget-spacer{width:var(--container-widget-width,var(--spacer-size));--align-self:var(--container-widget-align-self,initial);--flex-shrink:0}.e-con-inner>.elementor-widget-spacer>.elementor-widget-container,.e-con>.elementor-widget-spacer>.elementor-widget-container{height:100%;width:100%}.e-con-inner>.elementor-widget-spacer>.elementor-widget-container>.elementor-spacer,.e-con>.elementor-widget-spacer>.elementor-widget-container>.elementor-spacer{height:100%}.e-con-inner>.elementor-widget-spacer>.elementor-widget-container>.elementor-spacer>.elementor-spacer-inner,.e-con>.elementor-widget-spacer>.elementor-widget-container>.elementor-spacer>.elementor-spacer-inner{height:var(--container-widget-height,var(--spacer-size))}.e-con-inner>.elementor-widget-spacer.elementor-widget-empty,.e-con>.elementor-widget-spacer.elementor-widget-empty{position:relative;min-height:22px;min-width:22px}.e-con-inner>.elementor-widget-spacer.elementor-widget-empty .elementor-widget-empty-icon,.e-con>.elementor-widget-spacer.elementor-widget-empty .elementor-widget-empty-icon{position:absolute;top:0;bottom:0;left:0;right:0;margin:auto;padding:0;width:22px;height:22px}<\/style>\t\t<div class=\"elementor-spacer\">\n\t\t\t<div class=\"elementor-spacer-inner\"><\/div>\n\t\t<\/div>\n\t\t\t\t<\/div>\n\t\t\t\t<\/div>\n\t\t\t\t<\/div>\n\t\t<div class=\"elementor-element elementor-element-529e393 product_box e-flex e-con-boxed e-con e-parent\" data-id=\"529e393\" data-element_type=\"container\" data-settings=\"{&quot;background_background&quot;:&quot;classic&quot;,&quot;content_width&quot;:&quot;boxed&quot;}\" data-core-v316-plus=\"true\">\n\t\t\t\t\t<div class=\"e-con-inner\">\n\t\t<div class=\"elementor-element elementor-element-93d38ce e-con-full e-flex e-con e-child\" data-id=\"93d38ce\" data-element_type=\"container\" data-settings=\"{&quot;content_width&quot;:&quot;full&quot;,&quot;background_background&quot;:&quot;classic&quot;}\">\n\t\t\t\t<div class=\"elementor-element elementor-element-b8b609b elementor-widget elementor-widget-image\" data-id=\"b8b609b\" data-element_type=\"widget\" data-widget_type=\"image.default\">\n\t\t\t\t<div class=\"elementor-widget-container\">\n\t\t\t\t\t\t\t\t\t\t\t\t\t\t\t<img decoding=\"async\" width=\"360\" height=\"202\" src=\"https:\/\/louisphilipp.ch\/wp-content\/uploads\/2023\/12\/newsha_oliveleafs_02.jpg\" class=\"attachment-large size-large wp-image-9727\" alt=\"Oliven\" srcset=\"https:\/\/louisphilipp.ch\/wp-content\/uploads\/2023\/12\/newsha_oliveleafs_02.jpg 360w, https:\/\/louisphilipp.ch\/wp-content\/uploads\/2023\/12\/newsha_oliveleafs_02-300x168.jpg 300w\" sizes=\"(max-width: 360px) 100vw, 360px\" \/>\t\t\t\t\t\t\t\t\t\t\t\t\t\t\t<\/div>\n\t\t\t\t<\/div>\n\t\t\t\t<div class=\"elementor-element elementor-element-b7e783d elementor-widget elementor-widget-heading\" data-id=\"b7e783d\" data-element_type=\"widget\" data-widget_type=\"heading.default\">\n\t\t\t\t<div class=\"elementor-widget-container\">\n\t\t\t<h4 class=\"elementor-heading-title elementor-size-default\">Tr\u00e9sors de la<br>nature<\/h4>\t\t<\/div>\n\t\t\t\t<\/div>\n\t\t\t\t<div class=\"elementor-element elementor-element-1c68d05 elementor-widget elementor-widget-image\" data-id=\"1c68d05\" data-element_type=\"widget\" data-widget_type=\"image.default\">\n\t\t\t\t<div class=\"elementor-widget-container\">\n\t\t\t\t\t\t\t\t\t\t\t\t\t\t\t<img decoding=\"async\" width=\"50\" height=\"50\" src=\"https:\/\/louisphilipp.ch\/wp-content\/uploads\/2023\/12\/LouisPhilipp-3.png\" class=\"attachment-leonie_core_image_size_landscape size-leonie_core_image_size_landscape wp-image-10003\" alt=\"Tribal\" \/>\t\t\t\t\t\t\t\t\t\t\t\t\t\t\t<\/div>\n\t\t\t\t<\/div>\n\t\t\t\t<div class=\"elementor-element elementor-element-8b0b0bf elementor-widget elementor-widget-text-editor\" data-id=\"8b0b0bf\" data-element_type=\"widget\" data-widget_type=\"text-editor.default\">\n\t\t\t\t<div class=\"elementor-widget-container\">\n\t\t\t\t\t\t\t<div class=\"thumbnail-content-text\" style=\"text-align: center;\"><div class=\"thumbnail-content-text\">Afin de renforcer de fa\u00e7on optimale notre impressionnant savoir-faire dans la cr\u00e9ation de nos produits, nous tirons profit de l&#8217;intelligence et de la puissance de la nature. L&#8217;utilisation intelligente de pr\u00e9cieux tr\u00e9sors de la nature est ce qui rend l&#8217;int\u00e9gralit\u00e9 de la collection irrempla\u00e7able.<\/div><\/div>\t\t\t\t\t\t<\/div>\n\t\t\t\t<\/div>\n\t\t\t\t<div class=\"elementor-element elementor-element-6bbc1ff elementor-align-center elementor-widget elementor-widget-button\" data-id=\"6bbc1ff\" data-element_type=\"widget\" data-widget_type=\"button.default\">\n\t\t\t\t<div class=\"elementor-widget-container\">\n\t\t\t\t\t<div class=\"elementor-button-wrapper\">\n\t\t\t<a class=\"elementor-button elementor-button-link elementor-size-sm elementor-animation-grow\" href=\"https:\/\/louisphilipp.ch\/fr\/fabrication\/#entry\">\n\t\t\t\t\t\t<span class=\"elementor-button-content-wrapper\">\n\t\t\t\t\t\t<span class=\"elementor-button-text\">D\u00c9TAILS<\/span>\n\t\t<\/span>\n\t\t\t\t\t<\/a>\n\t\t<\/div>\n\t\t\t\t<\/div>\n\t\t\t\t<\/div>\n\t\t\t\t<\/div>\n\t\t<div class=\"elementor-element elementor-element-984cf77 e-con-full e-flex e-con e-child\" data-id=\"984cf77\" data-element_type=\"container\" data-settings=\"{&quot;content_width&quot;:&quot;full&quot;,&quot;background_background&quot;:&quot;classic&quot;}\">\n\t\t\t\t<div class=\"elementor-element elementor-element-7cc2292 elementor-widget elementor-widget-image\" data-id=\"7cc2292\" data-element_type=\"widget\" data-widget_type=\"image.default\">\n\t\t\t\t<div class=\"elementor-widget-container\">\n\t\t\t\t\t\t\t\t\t\t\t\t\t\t\t<img loading=\"lazy\" decoding=\"async\" width=\"360\" height=\"202\" src=\"https:\/\/louisphilipp.ch\/wp-content\/uploads\/2023\/12\/newsha_acai.jpg\" class=\"attachment-large size-large wp-image-9729\" alt=\"Acai-Beeren\" srcset=\"https:\/\/louisphilipp.ch\/wp-content\/uploads\/2023\/12\/newsha_acai.jpg 360w, https:\/\/louisphilipp.ch\/wp-content\/uploads\/2023\/12\/newsha_acai-300x168.jpg 300w\" sizes=\"(max-width: 360px) 100vw, 360px\" \/>\t\t\t\t\t\t\t\t\t\t\t\t\t\t\t<\/div>\n\t\t\t\t<\/div>\n\t\t\t\t<div class=\"elementor-element elementor-element-82f775c elementor-widget elementor-widget-heading\" data-id=\"82f775c\" data-element_type=\"widget\" data-widget_type=\"heading.default\">\n\t\t\t\t<div class=\"elementor-widget-container\">\n\t\t\t<h4 class=\"elementor-heading-title elementor-size-default\">Technique de<br>fabrication<\/h4>\t\t<\/div>\n\t\t\t\t<\/div>\n\t\t\t\t<div class=\"elementor-element elementor-element-6a8bfd0 elementor-widget elementor-widget-image\" data-id=\"6a8bfd0\" data-element_type=\"widget\" data-widget_type=\"image.default\">\n\t\t\t\t<div class=\"elementor-widget-container\">\n\t\t\t\t\t\t\t\t\t\t\t\t\t\t\t<img loading=\"lazy\" decoding=\"async\" width=\"50\" height=\"50\" src=\"https:\/\/louisphilipp.ch\/wp-content\/uploads\/2023\/12\/LouisPhilipp-3.png\" class=\"attachment-thumbnail size-thumbnail wp-image-10003\" alt=\"Tribal\" \/>\t\t\t\t\t\t\t\t\t\t\t\t\t\t\t<\/div>\n\t\t\t\t<\/div>\n\t\t\t\t<div class=\"elementor-element elementor-element-ae4e3f2 elementor-widget elementor-widget-text-editor\" data-id=\"ae4e3f2\" data-element_type=\"widget\" data-widget_type=\"text-editor.default\">\n\t\t\t\t<div class=\"elementor-widget-container\">\n\t\t\t\t\t\t\t<div class=\"thumbnail-content-text\" style=\"text-align: center;\"><div class=\"thumbnail-content-text\">Louis Philipp s&#8217;\u00e9tait fix\u00e9 comme objectif ultime de cr\u00e9er une collection sophistiqu\u00e9e pour les clients, non seulement en termes de formules et compositions, mais \u00e9galement en ce qui concerne le niveau de technicit\u00e9 et le proc\u00e9d\u00e9 d&#8217;extraction, exceptionnels l&#8217;un comme l&#8217;autre.<\/div><\/div>\t\t\t\t\t\t<\/div>\n\t\t\t\t<\/div>\n\t\t\t\t<div class=\"elementor-element elementor-element-ea8603f elementor-align-center elementor-widget elementor-widget-button\" data-id=\"ea8603f\" data-element_type=\"widget\" data-widget_type=\"button.default\">\n\t\t\t\t<div class=\"elementor-widget-container\">\n\t\t\t\t\t<div class=\"elementor-button-wrapper\">\n\t\t\t<a class=\"elementor-button elementor-button-link elementor-size-sm elementor-animation-grow\" href=\"https:\/\/louisphilipp.ch\/fr\/fabrication\/#traitement\">\n\t\t\t\t\t\t<span class=\"elementor-button-content-wrapper\">\n\t\t\t\t\t\t<span class=\"elementor-button-text\">D\u00c9TAILS<\/span>\n\t\t<\/span>\n\t\t\t\t\t<\/a>\n\t\t<\/div>\n\t\t\t\t<\/div>\n\t\t\t\t<\/div>\n\t\t\t\t<\/div>\n\t\t<div class=\"elementor-element elementor-element-b21e117 e-con-full e-flex e-con e-child\" data-id=\"b21e117\" data-element_type=\"container\" data-settings=\"{&quot;content_width&quot;:&quot;full&quot;,&quot;background_background&quot;:&quot;classic&quot;}\">\n\t\t\t\t<div class=\"elementor-element elementor-element-4424d98 elementor-widget elementor-widget-image\" data-id=\"4424d98\" data-element_type=\"widget\" data-widget_type=\"image.default\">\n\t\t\t\t<div class=\"elementor-widget-container\">\n\t\t\t\t\t\t\t\t\t\t\t\t\t\t\t<img loading=\"lazy\" decoding=\"async\" width=\"360\" height=\"202\" src=\"https:\/\/louisphilipp.ch\/wp-content\/uploads\/2023\/12\/newsha_shea-nut_01.jpg\" class=\"attachment-large size-large wp-image-9941\" alt=\"Sheabutter\" srcset=\"https:\/\/louisphilipp.ch\/wp-content\/uploads\/2023\/12\/newsha_shea-nut_01.jpg 360w, https:\/\/louisphilipp.ch\/wp-content\/uploads\/2023\/12\/newsha_shea-nut_01-300x168.jpg 300w\" sizes=\"(max-width: 360px) 100vw, 360px\" \/>\t\t\t\t\t\t\t\t\t\t\t\t\t\t\t<\/div>\n\t\t\t\t<\/div>\n\t\t\t\t<div class=\"elementor-element elementor-element-7760f4c elementor-widget elementor-widget-heading\" data-id=\"7760f4c\" data-element_type=\"widget\" data-widget_type=\"heading.default\">\n\t\t\t\t<div class=\"elementor-widget-container\">\n\t\t\t<h4 class=\"elementor-heading-title elementor-size-default\">Une extraction tout en douceur\n<\/h4>\t\t<\/div>\n\t\t\t\t<\/div>\n\t\t\t\t<div class=\"elementor-element elementor-element-aa5a775 elementor-widget elementor-widget-image\" data-id=\"aa5a775\" data-element_type=\"widget\" data-widget_type=\"image.default\">\n\t\t\t\t<div class=\"elementor-widget-container\">\n\t\t\t\t\t\t\t\t\t\t\t\t\t\t\t<img loading=\"lazy\" decoding=\"async\" width=\"50\" height=\"50\" src=\"https:\/\/louisphilipp.ch\/wp-content\/uploads\/2023\/12\/LouisPhilipp-3.png\" class=\"attachment-thumbnail size-thumbnail wp-image-10003\" alt=\"Tribal\" \/>\t\t\t\t\t\t\t\t\t\t\t\t\t\t\t<\/div>\n\t\t\t\t<\/div>\n\t\t\t\t<div class=\"elementor-element elementor-element-c4ff26d elementor-widget elementor-widget-text-editor\" data-id=\"c4ff26d\" data-element_type=\"widget\" data-widget_type=\"text-editor.default\">\n\t\t\t\t<div class=\"elementor-widget-container\">\n\t\t\t\t\t\t\t<div class=\"thumbnail-content-text\" style=\"text-align: center;\"><div class=\"thumbnail-content-text\">Seuls des proc\u00e9d\u00e9s de transformation de haut vol et tout en douceur permettent d&#8217;utiliser la puissance des plantes, des herbes et des graines s\u00e9lectionn\u00e9es de fa\u00e7on pertinente et effcace.<\/div><\/div>\t\t\t\t\t\t<\/div>\n\t\t\t\t<\/div>\n\t\t\t\t<div class=\"elementor-element elementor-element-773933d elementor-align-center elementor-widget elementor-widget-button\" data-id=\"773933d\" data-element_type=\"widget\" data-widget_type=\"button.default\">\n\t\t\t\t<div class=\"elementor-widget-container\">\n\t\t\t\t\t<div class=\"elementor-button-wrapper\">\n\t\t\t<a class=\"elementor-button elementor-button-link elementor-size-sm elementor-animation-grow\" href=\"https:\/\/louisphilipp.ch\/fr\/fabrication\/#extraction\">\n\t\t\t\t\t\t<span class=\"elementor-button-content-wrapper\">\n\t\t\t\t\t\t<span class=\"elementor-button-text\">D\u00c9TAILS<\/span>\n\t\t<\/span>\n\t\t\t\t\t<\/a>\n\t\t<\/div>\n\t\t\t\t<\/div>\n\t\t\t\t<\/div>\n\t\t\t\t<\/div>\n\t\t\t\t\t<\/div>\n\t\t\t\t<\/div>\n\t\t<div class=\"elementor-element elementor-element-b3fcbfe e-flex e-con-boxed e-con e-parent\" data-id=\"b3fcbfe\" data-element_type=\"container\" data-settings=\"{&quot;background_background&quot;:&quot;classic&quot;,&quot;content_width&quot;:&quot;boxed&quot;}\" data-core-v316-plus=\"true\">\n\t\t\t\t\t<div class=\"e-con-inner\">\n\t\t\t\t<div class=\"elementor-element elementor-element-0db17c7 elementor-align-center elementor-widget elementor-widget-button\" data-id=\"0db17c7\" data-element_type=\"widget\" data-widget_type=\"button.default\">\n\t\t\t\t<div class=\"elementor-widget-container\">\n\t\t\t\t\t<div class=\"elementor-button-wrapper\">\n\t\t\t<a class=\"elementor-button elementor-button-link elementor-size-sm elementor-animation-grow\" href=\"https:\/\/louisphilipp.ch\/fr\/fabrication\/\">\n\t\t\t\t\t\t<span class=\"elementor-button-content-wrapper\">\n\t\t\t\t\t\t<span class=\"elementor-button-text\">PLUS SUR LA FABRICATION<\/span>\n\t\t<\/span>\n\t\t\t\t\t<\/a>\n\t\t<\/div>\n\t\t\t\t<\/div>\n\t\t\t\t<\/div>\n\t\t\t\t\t<\/div>\n\t\t\t\t<\/div>\n\t\t\t\t\t\t\t<\/div>\n\t\t","protected":false},"excerpt":{"rendered":"<p>FINISHER Frizz Control Cream La cr\u00e8me anti-frizz est ta meilleure amie si tu as souvent des cheveux secs. Que tes cheveux soient naturellement fris\u00e9s ou qu&#8217;ils se dressent sur ton cr\u00e2ne en cas d&#8217;humidit\u00e9 \u00e9lev\u00e9e, tes cheveux sont toujours fris\u00e9s. se dressent sur la t\u00eate.Gr\u00e2ce \u00e0 l&#8217;effet apaisant de cette cr\u00e8me de soin et de [&hellip;]<\/p>\n","protected":false},"author":1,"featured_media":0,"parent":14894,"menu_order":0,"comment_status":"closed","ping_status":"closed","template":"page-full-width.php","meta":{"_monsterinsights_skip_tracking":false,"_monsterinsights_sitenote_active":false,"_monsterinsights_sitenote_note":"","_monsterinsights_sitenote_category":0,"footnotes":""},"class_list":["post-14850","page","type-page","status-publish","hentry"],"aioseo_notices":[],"_links":{"self":[{"href":"https:\/\/louisphilipp.ch\/fr\/wp-json\/wp\/v2\/pages\/14850","targetHints":{"allow":["GET"]}}],"collection":[{"href":"https:\/\/louisphilipp.ch\/fr\/wp-json\/wp\/v2\/pages"}],"about":[{"href":"https:\/\/louisphilipp.ch\/fr\/wp-json\/wp\/v2\/types\/page"}],"author":[{"embeddable":true,"href":"https:\/\/louisphilipp.ch\/fr\/wp-json\/wp\/v2\/users\/1"}],"replies":[{"embeddable":true,"href":"https:\/\/louisphilipp.ch\/fr\/wp-json\/wp\/v2\/comments?post=14850"}],"version-history":[{"count":0,"href":"https:\/\/louisphilipp.ch\/fr\/wp-json\/wp\/v2\/pages\/14850\/revisions"}],"up":[{"embeddable":true,"href":"https:\/\/louisphilipp.ch\/fr\/wp-json\/wp\/v2\/pages\/14894"}],"wp:attachment":[{"href":"https:\/\/louisphilipp.ch\/fr\/wp-json\/wp\/v2\/media?parent=14850"}],"curies":[{"name":"wp","href":"https:\/\/api.w.org\/{rel}","templated":true}]}}